{"id":164211,"date":"2022-09-14T19:17:05","date_gmt":"2022-09-14T19:17:05","guid":{"rendered":"https:\/\/insideyoga.org\/about\/geschichte\/"},"modified":"2022-10-27T13:16:32","modified_gmt":"2022-10-27T13:16:32","slug":"geschichte","status":"publish","type":"page","link":"https:\/\/insideyoga.org\/de\/about\/geschichte\/","title":{"rendered":"Geschichte"},"content":{"rendered":"\n\n[et_pb_section fb_built=&#8220;1&#8243; _builder_version=&#8220;4.14.8&#8243; _module_preset=&#8220;3f11ada8-634d-4ff9-8ae3-2313fe8a6313&#8243; global_colors_info=&#8220;{}&#8220;][et_pb_row _builder_version=&#8220;4.14.8&#8243; _module_preset=&#8220;ab8c9aab-09b5-466d-bc4e-4f287c72d799&#8243; border_width_left=&#8220;1px&#8220; border_color_left=&#8220;#E0D7CA&#8220; global_colors_info=&#8220;{}&#8220;][et_pb_column type=&#8220;4_4&#8243; _builder_version=&#8220;4.14.8&#8243; _module_preset=&#8220;default&#8220; custom_padding=&#8220;||||false|false&#8220; global_colors_info=&#8220;{}&#8220;][et_pb_blurb title=&#8220;1998&#8243; use_icon=&#8220;on&#8220; font_icon=&#8220;&#xf111;||fa||900&#8243; icon_color=&#8220;#A87637&#8243; image_icon_background_color=&#8220;#FFFFFF&#8220; icon_placement=&#8220;left&#8220; image_icon_width=&#8220;15px&#8220; content_max_width=&#8220;100%&#8220; _builder_version=&#8220;4.14.8&#8243; _module_preset=&#8220;default&#8220; header_level=&#8220;h5&#8243; header_font=&#8220;Noto Sans|700|||||||&#8220; header_text_color=&#8220;#A87637&#8243; header_line_height=&#8220;1.4em&#8220; body_font=&#8220;Noto Sans|700|||||||&#8220; body_text_color=&#8220;#000000&#8243; body_font_size=&#8220;19px&#8220; body_line_height=&#8220;1.8em&#8220; image_icon_custom_padding=&#8220;10px|10px|10px|10px|true|true&#8220; custom_margin=&#8220;|||-49px|false|false&#8220; animation=&#8220;off&#8220; body_font_size_tablet=&#8220;18px&#8220; body_font_size_phone=&#8220;16px&#8220; body_font_size_last_edited=&#8220;on|phone&#8220; border_radii_image=&#8220;on|100%|100%|100%|100%&#8220; border_width_all_image=&#8220;1px&#8220; border_color_all_image=&#8220;#E0D7CA&#8220; icon_font_size=&#8220;40px&#8220; global_module=&#8220;3465&#8243; saved_tabs=&#8220;all&#8220; locked=&#8220;off&#8220; global_colors_info=&#8220;{}&#8220;]<p><b>Neu im Yoga<\/b><\/p>[\/et_pb_blurb][et_pb_text _builder_version=&#8220;4.14.8&#8243; _module_preset=&#8220;06a10713-4309-4a49-8175-5fd2b237a775&#8243; text_line_height=&#8220;1.8em&#8220; custom_margin=&#8220;5px||0px|4px|false|false&#8220; global_module=&#8220;3467&#8243; saved_tabs=&#8220;all&#8220; locked=&#8220;off&#8220; global_colors_info=&#8220;{}&#8220;]<span style=\"font-weight: 400;\">Young Ho besuchte seine allererste Yoga-Klasse in Encinitas, Kalifornien. Der Taekwondo-Meister war erstaunt \u00fcber die Leichtigkeit und die kraftvolle Ruhe, die er erlebte. <\/span>[\/et_pb_text][\/et_pb_column][\/et_pb_row][et_pb_row _builder_version=&#8220;4.14.8&#8243; _module_preset=&#8220;ab8c9aab-09b5-466d-bc4e-4f287c72d799&#8243; border_width_left=&#8220;1px&#8220; border_color_left=&#8220;#E0D7CA&#8220; global_colors_info=&#8220;{}&#8220;][et_pb_column type=&#8220;4_4&#8243; _builder_version=&#8220;4.14.8&#8243; _module_preset=&#8220;default&#8220; custom_padding=&#8220;||||false|false&#8220; global_colors_info=&#8220;{}&#8220;][et_pb_blurb title=&#8220;2000 &#8211; 2007&#8243; use_icon=&#8220;on&#8220; font_icon=&#8220;&#xf111;||fa||900&#8243; icon_color=&#8220;#A87637&#8243; image_icon_background_color=&#8220;#FFFFFF&#8220; icon_placement=&#8220;left&#8220; image_icon_width=&#8220;15px&#8220; content_max_width=&#8220;100%&#8220; _builder_version=&#8220;4.14.8&#8243; _module_preset=&#8220;default&#8220; header_level=&#8220;h5&#8243; header_font=&#8220;Noto Sans|700|||||||&#8220; header_text_color=&#8220;#A87637&#8243; header_line_height=&#8220;1.4em&#8220; body_font=&#8220;Noto Sans|700|||||||&#8220; body_text_color=&#8220;#000000&#8243; body_font_size=&#8220;19px&#8220; body_line_height=&#8220;1.8em&#8220; image_icon_custom_padding=&#8220;10px|10px|10px|10px|true|true&#8220; custom_margin=&#8220;|||-49px|false|false&#8220; animation=&#8220;off&#8220; body_font_size_tablet=&#8220;18px&#8220; body_font_size_phone=&#8220;16px&#8220; body_font_size_last_edited=&#8220;on|phone&#8220; border_radii_image=&#8220;on|100%|100%|100%|100%&#8220; border_width_all_image=&#8220;1px&#8220; border_color_all_image=&#8220;#E0D7CA&#8220; icon_font_size=&#8220;40px&#8220; global_module=&#8220;3465&#8243; saved_tabs=&#8220;all&#8220; locked=&#8220;off&#8220; global_colors_info=&#8220;{}&#8220;]<p><b>Lerne von den Besten<\/b><\/p>[\/et_pb_blurb][et_pb_text _builder_version=&#8220;4.14.8&#8243; _module_preset=&#8220;06a10713-4309-4a49-8175-5fd2b237a775&#8243; text_line_height=&#8220;1.8em&#8220; custom_margin=&#8220;5px||0px|4px|false|false&#8220; global_module=&#8220;3467&#8243; saved_tabs=&#8220;all&#8220; locked=&#8220;off&#8220; global_colors_info=&#8220;{}&#8220;]<p><span style=\"font-weight: 400;\">Nach mehreren Teacher Trainings bei David Swenson (Ashtanga), Shiva Rea (Prana Vinyasa), Bryan Kest (Power Yoga) und John Friend (Anusara) inspirierten die beliebten Videos von Rodney Yee Young Ho, Yoga nach Deutschland zu bringen. <\/span><\/p>[\/et_pb_text][\/et_pb_column][\/et_pb_row][et_pb_row _builder_version=&#8220;4.14.8&#8243; _module_preset=&#8220;ab8c9aab-09b5-466d-bc4e-4f287c72d799&#8243; border_width_left=&#8220;1px&#8220; border_color_left=&#8220;#E0D7CA&#8220; global_colors_info=&#8220;{}&#8220;][et_pb_column type=&#8220;4_4&#8243; _builder_version=&#8220;4.14.8&#8243; _module_preset=&#8220;default&#8220; custom_padding=&#8220;||||false|false&#8220; global_colors_info=&#8220;{}&#8220;][et_pb_blurb title=&#8220;2001&#8243; use_icon=&#8220;on&#8220; font_icon=&#8220;&#xf111;||fa||900&#8243; icon_color=&#8220;#A87637&#8243; image_icon_background_color=&#8220;#FFFFFF&#8220; icon_placement=&#8220;left&#8220; image_icon_width=&#8220;15px&#8220; content_max_width=&#8220;100%&#8220; _builder_version=&#8220;4.14.8&#8243; _module_preset=&#8220;default&#8220; header_level=&#8220;h5&#8243; header_font=&#8220;Noto Sans|700|||||||&#8220; header_text_color=&#8220;#A87637&#8243; header_line_height=&#8220;1.4em&#8220; body_font=&#8220;Noto Sans|700|||||||&#8220; body_text_color=&#8220;#000000&#8243; body_font_size=&#8220;19px&#8220; body_line_height=&#8220;1.8em&#8220; image_icon_custom_padding=&#8220;10px|10px|10px|10px|true|true&#8220; custom_margin=&#8220;|||-49px|false|false&#8220; animation=&#8220;off&#8220; body_font_size_tablet=&#8220;18px&#8220; body_font_size_phone=&#8220;16px&#8220; body_font_size_last_edited=&#8220;on|phone&#8220; border_radii_image=&#8220;on|100%|100%|100%|100%&#8220; border_width_all_image=&#8220;1px&#8220; border_color_all_image=&#8220;#E0D7CA&#8220; icon_font_size=&#8220;40px&#8220; global_module=&#8220;3465&#8243; saved_tabs=&#8220;all&#8220; locked=&#8220;off&#8220; global_colors_info=&#8220;{}&#8220;]<p><b>Jahre harter Arbeit<\/b><\/p>[\/et_pb_blurb][et_pb_text _builder_version=&#8220;4.14.8&#8243; _module_preset=&#8220;06a10713-4309-4a49-8175-5fd2b237a775&#8243; text_line_height=&#8220;1.8em&#8220; custom_margin=&#8220;5px||0px|4px|false|false&#8220; global_module=&#8220;3467&#8243; saved_tabs=&#8220;all&#8220; locked=&#8220;off&#8220; global_colors_info=&#8220;{}&#8220;]<p><span style=\"font-weight: 400;\">Damals kannte noch kaum jemand in Deutschland Yoga. Young Ho begann langsam, \u201eMental Balance\u201c (eine Kombination aus Zen-Gymnastik und Yoga) zu unterrichten. Er hat viele Jahre hart gearbeitet und Menschen mit Yoga bekannt gemacht.<\/span><\/p>[\/et_pb_text][\/et_pb_column][\/et_pb_row][et_pb_row _builder_version=&#8220;4.14.8&#8243; _module_preset=&#8220;ab8c9aab-09b5-466d-bc4e-4f287c72d799&#8243; border_width_left=&#8220;1px&#8220; border_color_left=&#8220;#E0D7CA&#8220; global_colors_info=&#8220;{}&#8220;][et_pb_column type=&#8220;4_4&#8243; _builder_version=&#8220;4.14.8&#8243; _module_preset=&#8220;default&#8220; custom_padding=&#8220;||||false|false&#8220; global_colors_info=&#8220;{}&#8220;][et_pb_blurb title=&#8220;2007&#8243; use_icon=&#8220;on&#8220; font_icon=&#8220;&#xf111;||fa||900&#8243; icon_color=&#8220;#A87637&#8243; image_icon_background_color=&#8220;#FFFFFF&#8220; icon_placement=&#8220;left&#8220; image_icon_width=&#8220;15px&#8220; content_max_width=&#8220;100%&#8220; _builder_version=&#8220;4.14.8&#8243; _module_preset=&#8220;default&#8220; header_level=&#8220;h5&#8243; header_font=&#8220;Noto Sans|700|||||||&#8220; header_text_color=&#8220;#A87637&#8243; header_line_height=&#8220;1.4em&#8220; body_font=&#8220;Noto Sans|700|||||||&#8220; body_text_color=&#8220;#000000&#8243; body_font_size=&#8220;19px&#8220; body_line_height=&#8220;1.8em&#8220; image_icon_custom_padding=&#8220;10px|10px|10px|10px|true|true&#8220; custom_margin=&#8220;|||-49px|false|false&#8220; animation=&#8220;off&#8220; body_font_size_tablet=&#8220;18px&#8220; body_font_size_phone=&#8220;16px&#8220; body_font_size_last_edited=&#8220;on|phone&#8220; border_radii_image=&#8220;on|100%|100%|100%|100%&#8220; border_width_all_image=&#8220;1px&#8220; border_color_all_image=&#8220;#E0D7CA&#8220; icon_font_size=&#8220;40px&#8220; global_module=&#8220;3465&#8243; saved_tabs=&#8220;all&#8220; locked=&#8220;off&#8220; global_colors_info=&#8220;{}&#8220;]<p><b>Gr\u00fcndung von Inside Yoga<\/b><\/p>[\/et_pb_blurb][et_pb_text _builder_version=&#8220;4.14.8&#8243; _module_preset=&#8220;06a10713-4309-4a49-8175-5fd2b237a775&#8243; text_line_height=&#8220;1.8em&#8220; custom_margin=&#8220;5px||0px|4px|false|false&#8220; global_module=&#8220;3467&#8243; saved_tabs=&#8220;all&#8220; locked=&#8220;off&#8220; global_colors_info=&#8220;{}&#8220;]<p><span style=\"font-weight: 400;\">Nach der Pleite des Yogastudios, f\u00fcr das er arbeitete, verwandelte Young Ho ein bitteres Ende in einen Neuanfang und er\u00f6ffnete sein eigenes Studio: Inside Yoga in Frankfurt, Deutschland. <\/span><\/p>[\/et_pb_text][\/et_pb_column][\/et_pb_row][et_pb_row _builder_version=&#8220;4.14.8&#8243; _module_preset=&#8220;ab8c9aab-09b5-466d-bc4e-4f287c72d799&#8243; border_width_left=&#8220;1px&#8220; border_color_left=&#8220;#E0D7CA&#8220; global_colors_info=&#8220;{}&#8220;][et_pb_column type=&#8220;4_4&#8243; _builder_version=&#8220;4.14.8&#8243; _module_preset=&#8220;default&#8220; custom_padding=&#8220;||||false|false&#8220; global_colors_info=&#8220;{}&#8220;][et_pb_blurb title=&#8220;2008&#8243; use_icon=&#8220;on&#8220; font_icon=&#8220;&#xf111;||fa||900&#8243; icon_color=&#8220;#A87637&#8243; image_icon_background_color=&#8220;#FFFFFF&#8220; icon_placement=&#8220;left&#8220; image_icon_width=&#8220;15px&#8220; content_max_width=&#8220;100%&#8220; _builder_version=&#8220;4.14.8&#8243; _module_preset=&#8220;default&#8220; header_level=&#8220;h5&#8243; header_font=&#8220;Noto Sans|700|||||||&#8220; header_text_color=&#8220;#A87637&#8243; header_line_height=&#8220;1.4em&#8220; body_font=&#8220;Noto Sans|700|||||||&#8220; body_text_color=&#8220;#000000&#8243; body_font_size=&#8220;19px&#8220; body_line_height=&#8220;1.8em&#8220; image_icon_custom_padding=&#8220;10px|10px|10px|10px|true|true&#8220; custom_margin=&#8220;|||-49px|false|false&#8220; animation=&#8220;off&#8220; body_font_size_tablet=&#8220;18px&#8220; body_font_size_phone=&#8220;16px&#8220; body_font_size_last_edited=&#8220;on|phone&#8220; border_radii_image=&#8220;on|100%|100%|100%|100%&#8220; border_width_all_image=&#8220;1px&#8220; border_color_all_image=&#8220;#E0D7CA&#8220; icon_font_size=&#8220;40px&#8220; global_module=&#8220;3465&#8243; saved_tabs=&#8220;all&#8220; locked=&#8220;off&#8220; global_colors_info=&#8220;{}&#8220;]<p><b>Die Kreation von Inside Flow<\/b><\/p>[\/et_pb_blurb][et_pb_text _builder_version=&#8220;4.14.8&#8243; _module_preset=&#8220;06a10713-4309-4a49-8175-5fd2b237a775&#8243; text_line_height=&#8220;1.8em&#8220; custom_margin=&#8220;5px||0px|4px|false|false&#8220; global_module=&#8220;3467&#8243; saved_tabs=&#8220;all&#8220; locked=&#8220;off&#8220; global_colors_info=&#8220;{}&#8220;]<p><span style=\"font-weight: 400;\">Nur wenige Monate sp\u00e4ter hatte Young Ho bei einem Yoga-Retreat in \u00d6sterreich die Idee, die gleichm\u00e4\u00dfige Atmung eines Vinyasa Flows mit dem Takt moderner Musik zu verbinden. Inside Flow wurde in dieser Nacht geboren.<\/span><\/p>[\/et_pb_text][\/et_pb_column][\/et_pb_row][et_pb_row _builder_version=&#8220;4.14.8&#8243; _module_preset=&#8220;ab8c9aab-09b5-466d-bc4e-4f287c72d799&#8243; border_width_left=&#8220;1px&#8220; border_color_left=&#8220;#E0D7CA&#8220; global_colors_info=&#8220;{}&#8220;][et_pb_column type=&#8220;4_4&#8243; _builder_version=&#8220;4.14.8&#8243; _module_preset=&#8220;default&#8220; custom_padding=&#8220;||||false|false&#8220; global_colors_info=&#8220;{}&#8220;][et_pb_blurb title=&#8220;2016&#8243; use_icon=&#8220;on&#8220; font_icon=&#8220;&#xf111;||fa||900&#8243; icon_color=&#8220;#A87637&#8243; image_icon_background_color=&#8220;#FFFFFF&#8220; icon_placement=&#8220;left&#8220; image_icon_width=&#8220;15px&#8220; content_max_width=&#8220;100%&#8220; _builder_version=&#8220;4.14.8&#8243; _module_preset=&#8220;default&#8220; header_level=&#8220;h5&#8243; header_font=&#8220;Noto Sans|700|||||||&#8220; header_text_color=&#8220;#A87637&#8243; header_line_height=&#8220;1.4em&#8220; body_font=&#8220;Noto Sans|700|||||||&#8220; body_text_color=&#8220;#000000&#8243; body_font_size=&#8220;19px&#8220; body_line_height=&#8220;1.8em&#8220; image_icon_custom_padding=&#8220;10px|10px|10px|10px|true|true&#8220; custom_margin=&#8220;|||-49px|false|false&#8220; animation=&#8220;off&#8220; body_font_size_tablet=&#8220;18px&#8220; body_font_size_phone=&#8220;16px&#8220; body_font_size_last_edited=&#8220;on|phone&#8220; border_radii_image=&#8220;on|100%|100%|100%|100%&#8220; border_width_all_image=&#8220;1px&#8220; border_color_all_image=&#8220;#E0D7CA&#8220; icon_font_size=&#8220;40px&#8220; global_module=&#8220;3465&#8243; saved_tabs=&#8220;all&#8220; locked=&#8220;off&#8220; global_colors_info=&#8220;{}&#8220;]<p><b>There is no try<\/b><\/p>[\/et_pb_blurb][et_pb_text _builder_version=&#8220;4.14.8&#8243; _module_preset=&#8220;06a10713-4309-4a49-8175-5fd2b237a775&#8243; text_line_height=&#8220;1.8em&#8220; custom_margin=&#8220;5px||0px|4px|false|false&#8220; global_module=&#8220;3467&#8243; saved_tabs=&#8220;all&#8220; locked=&#8220;off&#8220; global_colors_info=&#8220;{}&#8220;]<p><span style=\"font-weight: 400;\">Der n\u00e4chste Schritt der Yoga Evolution war die Einf\u00fchrung der Premium Online Yoga Plattform TINT: dein digitaler Raum, um Inside Yoga online zu praktizieren und von \u00fcberall aus an Online Ausbildungen teilzunehmen. <\/span><\/p>[\/et_pb_text][\/et_pb_column][\/et_pb_row][et_pb_row _builder_version=&#8220;4.14.8&#8243; _module_preset=&#8220;ab8c9aab-09b5-466d-bc4e-4f287c72d799&#8243; border_width_left=&#8220;1px&#8220; border_color_left=&#8220;#E0D7CA&#8220; global_colors_info=&#8220;{}&#8220;][et_pb_column type=&#8220;4_4&#8243; _builder_version=&#8220;4.14.8&#8243; _module_preset=&#8220;default&#8220; custom_padding=&#8220;||||false|false&#8220; global_colors_info=&#8220;{}&#8220;][et_pb_blurb title=&#8220;Seitdem&#8220; use_icon=&#8220;on&#8220; font_icon=&#8220;&#xf111;||fa||900&#8243; icon_color=&#8220;#A87637&#8243; image_icon_background_color=&#8220;#FFFFFF&#8220; icon_placement=&#8220;left&#8220; image_icon_width=&#8220;15px&#8220; content_max_width=&#8220;100%&#8220; _builder_version=&#8220;4.14.8&#8243; _module_preset=&#8220;default&#8220; header_level=&#8220;h5&#8243; header_font=&#8220;Noto Sans|700|||||||&#8220; header_text_color=&#8220;#A87637&#8243; header_line_height=&#8220;1.4em&#8220; body_font=&#8220;Noto Sans|700|||||||&#8220; body_text_color=&#8220;#000000&#8243; body_font_size=&#8220;19px&#8220; body_line_height=&#8220;1.8em&#8220; image_icon_custom_padding=&#8220;10px|10px|10px|10px|true|true&#8220; custom_margin=&#8220;|||-49px|false|false&#8220; animation=&#8220;off&#8220; body_font_size_tablet=&#8220;18px&#8220; body_font_size_phone=&#8220;16px&#8220; body_font_size_last_edited=&#8220;on|phone&#8220; border_radii_image=&#8220;on|100%|100%|100%|100%&#8220; border_width_all_image=&#8220;1px&#8220; border_color_all_image=&#8220;#E0D7CA&#8220; icon_font_size=&#8220;40px&#8220; global_module=&#8220;3465&#8243; saved_tabs=&#8220;all&#8220; locked=&#8220;off&#8220; global_colors_info=&#8220;{}&#8220;]<p><b>Die Evolution des Yoga<\/b><\/p>[\/et_pb_blurb][et_pb_text _builder_version=&#8220;4.14.8&#8243; _module_preset=&#8220;06a10713-4309-4a49-8175-5fd2b237a775&#8243; text_line_height=&#8220;1.8em&#8220; custom_margin=&#8220;5px||0px|4px|false|false&#8220; global_module=&#8220;3467&#8243; saved_tabs=&#8220;all&#8220; locked=&#8220;off&#8220; global_colors_info=&#8220;{}&#8220;]<p><span style=\"font-weight: 400;\">Seitdem wachsen, ver\u00e4ndern und entwickeln sich die Konzepte und Techniken von Inside Yoga. Mit Affiliated Partner Studios wurde die Inside Yoga Community immer gr\u00f6\u00dfer. Heute finden Inside Yoga Ausbildungen auf der ganzen Welt statt. <\/span><\/p>[\/et_pb_text][\/et_pb_column][\/et_pb_row][\/et_pb_section]\n\n","protected":false},"excerpt":{"rendered":"<p>Neu im YogaYoung Ho besuchte seine allererste Yoga-Klasse in Encinitas, Kalifornien. Der Taekwondo-Meister war erstaunt \u00fcber die Leichtigkeit und die kraftvolle Ruhe, die er erlebte. Lerne von den BestenNach mehreren Teacher Trainings bei David Swenson (Ashtanga), Shiva Rea (Prana Vinyasa), Bryan Kest (Power Yoga) und John Friend (Anusara) inspirierten die beliebten Videos von Rodney Yee [&hellip;]<\/p>\n","protected":false},"author":1,"featured_media":5795,"parent":163961,"menu_order":0,"comment_status":"closed","ping_status":"closed","template":"","meta":{"_acf_changed":false,"_et_pb_use_builder":"on","_et_pb_old_content":"","_et_gb_content_width":"","footnotes":""},"class_list":["post-164211","page","type-page","status-publish","has-post-thumbnail","hentry"],"acf":[],"yoast_head":"<!-- This site is optimized with the Yoast SEO plugin v27.3 - https:\/\/yoast.com\/product\/yoast-seo-wordpress\/ -->\n<title>Geschichte - insideyoga.org<\/title>\n<meta name=\"description\" content=\"Erfahre wie sich die Inside Welt entwickelt hat und welche Schritte notwendig waren. Alles begann 1998...\" \/>\n<meta name=\"robots\" content=\"index, follow, max-snippet:-1, max-image-preview:large, max-video-preview:-1\" \/>\n<link rel=\"canonical\" href=\"https:\/\/insideyoga.org\/de\/about\/geschichte\/\" \/>\n<meta property=\"og:locale\" content=\"de_DE\" \/>\n<meta property=\"og:type\" content=\"article\" \/>\n<meta property=\"og:title\" content=\"Geschichte - insideyoga.org\" \/>\n<meta property=\"og:description\" content=\"Erfahre wie sich die Inside Welt entwickelt hat und welche Schritte notwendig waren. Alles begann 1998...\" \/>\n<meta property=\"og:url\" content=\"https:\/\/insideyoga.org\/de\/about\/geschichte\/\" \/>\n<meta property=\"og:site_name\" content=\"insideyoga.org\" \/>\n<meta property=\"article:modified_time\" content=\"2022-10-27T13:16:32+00:00\" \/>\n<meta property=\"og:image\" content=\"https:\/\/insideyoga.org\/wp-content\/uploads\/2022\/09\/History.png\" \/>\n\t<meta property=\"og:image:width\" content=\"740\" \/>\n\t<meta property=\"og:image:height\" content=\"525\" \/>\n\t<meta property=\"og:image:type\" content=\"image\/png\" \/>\n<meta name=\"twitter:card\" content=\"summary_large_image\" \/>\n<meta name=\"twitter:label1\" content=\"Gesch\u00e4tzte Lesezeit\" \/>\n\t<meta name=\"twitter:data1\" content=\"9\u00a0Minuten\" \/>\n<script type=\"application\/ld+json\" class=\"yoast-schema-graph\">{\"@context\":\"https:\\\/\\\/schema.org\",\"@graph\":[{\"@type\":\"WebPage\",\"@id\":\"https:\\\/\\\/insideyoga.org\\\/de\\\/about\\\/geschichte\\\/\",\"url\":\"https:\\\/\\\/insideyoga.org\\\/de\\\/about\\\/geschichte\\\/\",\"name\":\"Geschichte - insideyoga.org\",\"isPartOf\":{\"@id\":\"https:\\\/\\\/insideyoga.org\\\/#website\"},\"primaryImageOfPage\":{\"@id\":\"https:\\\/\\\/insideyoga.org\\\/de\\\/about\\\/geschichte\\\/#primaryimage\"},\"image\":{\"@id\":\"https:\\\/\\\/insideyoga.org\\\/de\\\/about\\\/geschichte\\\/#primaryimage\"},\"thumbnailUrl\":\"https:\\\/\\\/insideyoga.org\\\/wp-content\\\/uploads\\\/2022\\\/09\\\/History.png\",\"datePublished\":\"2022-09-14T19:17:05+00:00\",\"dateModified\":\"2022-10-27T13:16:32+00:00\",\"description\":\"Erfahre wie sich die Inside Welt entwickelt hat und welche Schritte notwendig waren. Alles begann 1998...\",\"breadcrumb\":{\"@id\":\"https:\\\/\\\/insideyoga.org\\\/de\\\/about\\\/geschichte\\\/#breadcrumb\"},\"inLanguage\":\"de\",\"potentialAction\":[{\"@type\":\"ReadAction\",\"target\":[\"https:\\\/\\\/insideyoga.org\\\/de\\\/about\\\/geschichte\\\/\"]}]},{\"@type\":\"ImageObject\",\"inLanguage\":\"de\",\"@id\":\"https:\\\/\\\/insideyoga.org\\\/de\\\/about\\\/geschichte\\\/#primaryimage\",\"url\":\"https:\\\/\\\/insideyoga.org\\\/wp-content\\\/uploads\\\/2022\\\/09\\\/History.png\",\"contentUrl\":\"https:\\\/\\\/insideyoga.org\\\/wp-content\\\/uploads\\\/2022\\\/09\\\/History.png\",\"width\":740,\"height\":525},{\"@type\":\"BreadcrumbList\",\"@id\":\"https:\\\/\\\/insideyoga.org\\\/de\\\/about\\\/geschichte\\\/#breadcrumb\",\"itemListElement\":[{\"@type\":\"ListItem\",\"position\":1,\"name\":\"Home\",\"item\":\"https:\\\/\\\/insideyoga.org\\\/de\\\/\"},{\"@type\":\"ListItem\",\"position\":2,\"name\":\"About\",\"item\":\"https:\\\/\\\/insideyoga.org\\\/de\\\/about\\\/\"},{\"@type\":\"ListItem\",\"position\":3,\"name\":\"Geschichte\"}]},{\"@type\":\"WebSite\",\"@id\":\"https:\\\/\\\/insideyoga.org\\\/#website\",\"url\":\"https:\\\/\\\/insideyoga.org\\\/\",\"name\":\"insideyoga.org\",\"description\":\"The home of Inside Yoga &amp; Inside Flow\",\"publisher\":{\"@id\":\"https:\\\/\\\/insideyoga.org\\\/#organization\"},\"potentialAction\":[{\"@type\":\"SearchAction\",\"target\":{\"@type\":\"EntryPoint\",\"urlTemplate\":\"https:\\\/\\\/insideyoga.org\\\/?s={search_term_string}\"},\"query-input\":{\"@type\":\"PropertyValueSpecification\",\"valueRequired\":true,\"valueName\":\"search_term_string\"}}],\"inLanguage\":\"de\"},{\"@type\":\"Organization\",\"@id\":\"https:\\\/\\\/insideyoga.org\\\/#organization\",\"name\":\"insideyoga.org\",\"url\":\"https:\\\/\\\/insideyoga.org\\\/\",\"logo\":{\"@type\":\"ImageObject\",\"inLanguage\":\"de\",\"@id\":\"https:\\\/\\\/insideyoga.org\\\/#\\\/schema\\\/logo\\\/image\\\/\",\"url\":\"https:\\\/\\\/insideyoga.org\\\/wp-content\\\/uploads\\\/2022\\\/10\\\/insideyoga-org-meta1.jpg\",\"contentUrl\":\"https:\\\/\\\/insideyoga.org\\\/wp-content\\\/uploads\\\/2022\\\/10\\\/insideyoga-org-meta1.jpg\",\"width\":800,\"height\":500,\"caption\":\"insideyoga.org\"},\"image\":{\"@id\":\"https:\\\/\\\/insideyoga.org\\\/#\\\/schema\\\/logo\\\/image\\\/\"}}]}<\/script>\n<!-- \/ Yoast SEO plugin. -->","yoast_head_json":{"title":"Geschichte - insideyoga.org","description":"Erfahre wie sich die Inside Welt entwickelt hat und welche Schritte notwendig waren. Alles begann 1998...","robots":{"index":"index","follow":"follow","max-snippet":"max-snippet:-1","max-image-preview":"max-image-preview:large","max-video-preview":"max-video-preview:-1"},"canonical":"https:\/\/insideyoga.org\/de\/about\/geschichte\/","og_locale":"de_DE","og_type":"article","og_title":"Geschichte - insideyoga.org","og_description":"Erfahre wie sich die Inside Welt entwickelt hat und welche Schritte notwendig waren. Alles begann 1998...","og_url":"https:\/\/insideyoga.org\/de\/about\/geschichte\/","og_site_name":"insideyoga.org","article_modified_time":"2022-10-27T13:16:32+00:00","og_image":[{"width":740,"height":525,"url":"https:\/\/insideyoga.org\/wp-content\/uploads\/2022\/09\/History.png","type":"image\/png"}],"twitter_card":"summary_large_image","twitter_misc":{"Gesch\u00e4tzte Lesezeit":"9\u00a0Minuten"},"schema":{"@context":"https:\/\/schema.org","@graph":[{"@type":"WebPage","@id":"https:\/\/insideyoga.org\/de\/about\/geschichte\/","url":"https:\/\/insideyoga.org\/de\/about\/geschichte\/","name":"Geschichte - insideyoga.org","isPartOf":{"@id":"https:\/\/insideyoga.org\/#website"},"primaryImageOfPage":{"@id":"https:\/\/insideyoga.org\/de\/about\/geschichte\/#primaryimage"},"image":{"@id":"https:\/\/insideyoga.org\/de\/about\/geschichte\/#primaryimage"},"thumbnailUrl":"https:\/\/insideyoga.org\/wp-content\/uploads\/2022\/09\/History.png","datePublished":"2022-09-14T19:17:05+00:00","dateModified":"2022-10-27T13:16:32+00:00","description":"Erfahre wie sich die Inside Welt entwickelt hat und welche Schritte notwendig waren. Alles begann 1998...","breadcrumb":{"@id":"https:\/\/insideyoga.org\/de\/about\/geschichte\/#breadcrumb"},"inLanguage":"de","potentialAction":[{"@type":"ReadAction","target":["https:\/\/insideyoga.org\/de\/about\/geschichte\/"]}]},{"@type":"ImageObject","inLanguage":"de","@id":"https:\/\/insideyoga.org\/de\/about\/geschichte\/#primaryimage","url":"https:\/\/insideyoga.org\/wp-content\/uploads\/2022\/09\/History.png","contentUrl":"https:\/\/insideyoga.org\/wp-content\/uploads\/2022\/09\/History.png","width":740,"height":525},{"@type":"BreadcrumbList","@id":"https:\/\/insideyoga.org\/de\/about\/geschichte\/#breadcrumb","itemListElement":[{"@type":"ListItem","position":1,"name":"Home","item":"https:\/\/insideyoga.org\/de\/"},{"@type":"ListItem","position":2,"name":"About","item":"https:\/\/insideyoga.org\/de\/about\/"},{"@type":"ListItem","position":3,"name":"Geschichte"}]},{"@type":"WebSite","@id":"https:\/\/insideyoga.org\/#website","url":"https:\/\/insideyoga.org\/","name":"insideyoga.org","description":"The home of Inside Yoga &amp; Inside Flow","publisher":{"@id":"https:\/\/insideyoga.org\/#organization"},"potentialAction":[{"@type":"SearchAction","target":{"@type":"EntryPoint","urlTemplate":"https:\/\/insideyoga.org\/?s={search_term_string}"},"query-input":{"@type":"PropertyValueSpecification","valueRequired":true,"valueName":"search_term_string"}}],"inLanguage":"de"},{"@type":"Organization","@id":"https:\/\/insideyoga.org\/#organization","name":"insideyoga.org","url":"https:\/\/insideyoga.org\/","logo":{"@type":"ImageObject","inLanguage":"de","@id":"https:\/\/insideyoga.org\/#\/schema\/logo\/image\/","url":"https:\/\/insideyoga.org\/wp-content\/uploads\/2022\/10\/insideyoga-org-meta1.jpg","contentUrl":"https:\/\/insideyoga.org\/wp-content\/uploads\/2022\/10\/insideyoga-org-meta1.jpg","width":800,"height":500,"caption":"insideyoga.org"},"image":{"@id":"https:\/\/insideyoga.org\/#\/schema\/logo\/image\/"}}]}},"_links":{"self":[{"href":"https:\/\/insideyoga.org\/de\/wp-json\/wp\/v2\/pages\/164211","targetHints":{"allow":["GET"]}}],"collection":[{"href":"https:\/\/insideyoga.org\/de\/wp-json\/wp\/v2\/pages"}],"about":[{"href":"https:\/\/insideyoga.org\/de\/wp-json\/wp\/v2\/types\/page"}],"author":[{"embeddable":true,"href":"https:\/\/insideyoga.org\/de\/wp-json\/wp\/v2\/users\/1"}],"replies":[{"embeddable":true,"href":"https:\/\/insideyoga.org\/de\/wp-json\/wp\/v2\/comments?post=164211"}],"version-history":[{"count":3,"href":"https:\/\/insideyoga.org\/de\/wp-json\/wp\/v2\/pages\/164211\/revisions"}],"predecessor-version":[{"id":164214,"href":"https:\/\/insideyoga.org\/de\/wp-json\/wp\/v2\/pages\/164211\/revisions\/164214"}],"up":[{"embeddable":true,"href":"https:\/\/insideyoga.org\/de\/wp-json\/wp\/v2\/pages\/163961"}],"wp:featuredmedia":[{"embeddable":true,"href":"https:\/\/insideyoga.org\/de\/wp-json\/wp\/v2\/media\/5795"}],"wp:attachment":[{"href":"https:\/\/insideyoga.org\/de\/wp-json\/wp\/v2\/media?parent=164211"}],"curies":[{"name":"wp","href":"https:\/\/api.w.org\/{rel}","templated":true}]}}