{"id":164273,"date":"2022-09-14T18:51:23","date_gmt":"2022-09-14T18:51:23","guid":{"rendered":"https:\/\/insideyoga.org\/inside-yoga\/inside-yoga-lehrerstufen\/"},"modified":"2022-10-27T17:22:09","modified_gmt":"2022-10-27T17:22:09","slug":"inside-yoga-lehrerstufen","status":"publish","type":"page","link":"https:\/\/insideyoga.org\/de\/inside-yoga\/inside-yoga-lehrerstufen\/","title":{"rendered":"Inside Yoga Lehrerstufen"},"content":{"rendered":"\n[et_pb_section fb_built=&#8220;1&#8243; custom_padding_last_edited=&#8220;on|phone&#8220; _builder_version=&#8220;4.14.8&#8243; _module_preset=&#8220;default&#8220; custom_padding=&#8220;75px||50px||false|false&#8220; custom_padding_tablet=&#8220;75px||0px||false|false&#8220; custom_padding_phone=&#8220;75px||0px||false|false&#8220; global_colors_info=&#8220;{}&#8220;][et_pb_row _builder_version=&#8220;4.14.8&#8243; _module_preset=&#8220;default&#8220; global_colors_info=&#8220;{}&#8220;][et_pb_column type=&#8220;4_4&#8243; _builder_version=&#8220;4.14.8&#8243; _module_preset=&#8220;default&#8220; global_colors_info=&#8220;{}&#8220;][et_pb_image src=&#8220;https:\/\/insideyoga.org\/wp-content\/uploads\/2022\/05\/Big-IY-Logo.png&#8220; title_text=&#8220;Big-IY-Logo&#8220; align=&#8220;center&#8220; _builder_version=&#8220;4.14.8&#8243; _module_preset=&#8220;default&#8220; width=&#8220;50px&#8220; global_colors_info=&#8220;{}&#8220;][\/et_pb_image][et_pb_text _builder_version=&#8220;4.14.8&#8243; _module_preset=&#8220;df264627-538d-4d0d-9e52-aa9bdcf53d65&#8243; header_text_align=&#8220;center&#8220; header_font_size=&#8220;42px&#8220; custom_margin=&#8220;||0px||false|false&#8220; custom_padding=&#8220;||10px||false|false&#8220; header_font_size_tablet=&#8220;35px&#8220; header_font_size_phone=&#8220;35px&#8220; header_font_size_last_edited=&#8220;on|tablet&#8220; global_colors_info=&#8220;{}&#8220;]<h1>Inside Yoga Lehrerstufen<\/h1>[\/et_pb_text][et_pb_button button_url=&#8220;@ET-DC@eyJkeW5hbWljIjp0cnVlLCJjb250ZW50IjoicG9zdF9saW5rX3VybF9wYWdlIiwic2V0dGluZ3MiOnsicG9zdF9pZCI6IjU1MzUifX0=@&#8220; button_text=&#8220;Suchst du nach den Inside Yoga Stufen? Hier klicken&#8220; button_alignment=&#8220;center&#8220; _builder_version=&#8220;4.14.8&#8243; _dynamic_attributes=&#8220;button_url&#8220; _module_preset=&#8220;c40c8aee-ddb0-4cd2-8349-3c888ea392e2&#8243; custom_margin=&#8220;5px||0px||false|false&#8220; global_colors_info=&#8220;{}&#8220;][\/et_pb_button][\/et_pb_column][\/et_pb_row][\/et_pb_section][et_pb_section fb_built=&#8220;1&#8243; _builder_version=&#8220;4.14.8&#8243; _module_preset=&#8220;default&#8220; background_color=&#8220;RGBA(255,255,255,0)&#8220; custom_margin=&#8220;||50px||false|false&#8220; custom_margin_tablet=&#8220;||0px||false|false&#8220; custom_margin_phone=&#8220;||||false|false&#8220; custom_margin_last_edited=&#8220;on|tablet&#8220; custom_padding=&#8220;50px||100px||false|false&#8220; custom_padding_phone=&#8220;||||false|false&#8220; global_module=&#8220;163793&#8243; global_colors_info=&#8220;{}&#8220;][et_pb_row _builder_version=&#8220;4.14.8&#8243; _module_preset=&#8220;ab8c9aab-09b5-466d-bc4e-4f287c72d799&#8243; max_width=&#8220;410px&#8220; border_color_all=&#8220;#dfd7cb&#8220; border_width_left=&#8220;1px&#8220; global_colors_info=&#8220;{}&#8220;][et_pb_column type=&#8220;4_4&#8243; _builder_version=&#8220;4.14.8&#8243; _module_preset=&#8220;default&#8220; global_colors_info=&#8220;{}&#8220;][et_pb_blurb title=&#8220;Level 1 &#8211; Certified Inside Yoga Teacher&#8220; use_icon=&#8220;on&#8220; font_icon=&#8220;&#xf111;||fa||900&#8243; icon_color=&#8220;#A87637&#8243; image_icon_background_color=&#8220;#FFFFFF&#8220; icon_placement=&#8220;left&#8220; image_icon_width=&#8220;15px&#8220; content_max_width=&#8220;100%&#8220; _builder_version=&#8220;4.14.8&#8243; _module_preset=&#8220;default&#8220; header_level=&#8220;h5&#8243; header_font=&#8220;Noto Sans|700||on|||||&#8220; header_text_color=&#8220;#A87637&#8243; header_font_size=&#8220;17px&#8220; header_line_height=&#8220;1.4em&#8220; body_font=&#8220;Noto Sans|700|||||||&#8220; body_text_color=&#8220;#000000&#8243; body_font_size=&#8220;19px&#8220; body_line_height=&#8220;1.8em&#8220; image_icon_custom_padding=&#8220;10px|10px|10px|10px|true|true&#8220; custom_margin=&#8220;|||-50px|false|false&#8220; custom_padding=&#8220;||21px|||&#8220; animation=&#8220;off&#8220; body_font_size_tablet=&#8220;18px&#8220; body_font_size_phone=&#8220;16px&#8220; body_font_size_last_edited=&#8220;on|phone&#8220; border_radii_image=&#8220;on|100%|100%|100%|100%&#8220; border_width_all_image=&#8220;1px&#8220; border_color_all_image=&#8220;#dfd7cb&#8220; icon_font_size=&#8220;40px&#8220; locked=&#8220;off&#8220; global_colors_info=&#8220;{}&#8220;]<p>200h Inside Yoga Teacher Training<\/p>[\/et_pb_blurb][et_pb_text _builder_version=&#8220;4.14.8&#8243; _module_preset=&#8220;06a10713-4309-4a49-8175-5fd2b237a775&#8243; text_line_height=&#8220;1.8em&#8220; custom_margin=&#8220;||0px|4px|false|false&#8220; locked=&#8220;off&#8220; global_colors_info=&#8220;{}&#8220;]<p><span style=\"font-weight: 400;\">Zun\u00e4chst durchl\u00e4ufst du eine Grundausbildung. Nach 200 Stunden und einer erfolgreichen Pr\u00fcfung erh\u00e4ltst du dein Zertifikat und kannst Inside Yoga Kurse unterrichten.<\/span><\/p>[\/et_pb_text][et_pb_text module_class=&#8220;pa-bullet-list-check&#8220; _builder_version=&#8220;4.14.8&#8243; _module_preset=&#8220;06a10713-4309-4a49-8175-5fd2b237a775&#8243; text_line_height=&#8220;1.8em&#8220; custom_margin=&#8220;25px||25px|4px|true|false&#8220; hover_enabled=&#8220;0&#8243; locked=&#8220;off&#8220; global_colors_info=&#8220;{}&#8220; sticky_enabled=&#8220;0&#8243;]<span style=\"text-decoration: underline;\"><span style=\"font-weight: 400;\">Voraussetzungen:<\/span><\/span>\n<ul style=\"margin-top:20px;\">\n\t<li><span style=\"font-weight: 400;\">Abschluss der 200h Inside Yoga Ausbildung<\/span><\/li>\n<\/ul>[\/et_pb_text][\/et_pb_column][\/et_pb_row][et_pb_row _builder_version=&#8220;4.14.8&#8243; _module_preset=&#8220;ab8c9aab-09b5-466d-bc4e-4f287c72d799&#8243; max_width=&#8220;410px&#8220; border_color_all=&#8220;#dfd7cb&#8220; border_width_left=&#8220;1px&#8220; global_colors_info=&#8220;{}&#8220;][et_pb_column type=&#8220;4_4&#8243; _builder_version=&#8220;4.14.8&#8243; _module_preset=&#8220;default&#8220; global_colors_info=&#8220;{}&#8220;][et_pb_blurb title=&#8220;Level 2 &#8211; Experienced Inside Yoga Teacher&#8220; use_icon=&#8220;on&#8220; font_icon=&#8220;&#xf111;||fa||900&#8243; icon_color=&#8220;#A87637&#8243; image_icon_background_color=&#8220;#FFFFFF&#8220; icon_placement=&#8220;left&#8220; image_icon_width=&#8220;15px&#8220; content_max_width=&#8220;100%&#8220; _builder_version=&#8220;4.14.8&#8243; _module_preset=&#8220;default&#8220; header_level=&#8220;h5&#8243; header_font=&#8220;Noto Sans|700||on|||||&#8220; header_text_color=&#8220;#A87637&#8243; header_font_size=&#8220;17px&#8220; header_line_height=&#8220;1.4em&#8220; body_font=&#8220;Noto Sans|700|||||||&#8220; body_text_color=&#8220;#000000&#8243; body_font_size=&#8220;19px&#8220; body_line_height=&#8220;1.8em&#8220; image_icon_custom_padding=&#8220;10px|10px|10px|10px|true|true&#8220; custom_margin=&#8220;|||-50px|false|false&#8220; custom_padding=&#8220;||21px|||&#8220; animation=&#8220;off&#8220; body_font_size_tablet=&#8220;18px&#8220; body_font_size_phone=&#8220;16px&#8220; body_font_size_last_edited=&#8220;on|phone&#8220; border_radii_image=&#8220;on|100%|100%|100%|100%&#8220; border_width_all_image=&#8220;1px&#8220; border_color_all_image=&#8220;#dfd7cb&#8220; icon_font_size=&#8220;40px&#8220; locked=&#8220;off&#8220; global_colors_info=&#8220;{}&#8220;]<p>500h Inside Yoga Teacher Training<\/p>[\/et_pb_blurb][et_pb_text _builder_version=&#8220;4.14.8&#8243; _module_preset=&#8220;06a10713-4309-4a49-8175-5fd2b237a775&#8243; text_line_height=&#8220;1.8em&#8220; custom_margin=&#8220;||0px|4px|false|false&#8220; locked=&#8220;off&#8220; global_colors_info=&#8220;{}&#8220;]<p><span style=\"font-weight: 400;\">Nach der Grundausbildung stehen mehrere Zusatzausbildungen zur Auswahl und weitere 300h Lehrerausbildung, um dieses Level zu erreichen.<\/span><\/p>[\/et_pb_text][et_pb_text module_class=&#8220;pa-bullet-list-check&#8220; _builder_version=&#8220;4.14.8&#8243; _module_preset=&#8220;06a10713-4309-4a49-8175-5fd2b237a775&#8243; text_line_height=&#8220;1.8em&#8220; custom_margin=&#8220;25px||25px|4px|true|false&#8220; hover_enabled=&#8220;0&#8243; locked=&#8220;off&#8220; global_colors_info=&#8220;{}&#8220; sticky_enabled=&#8220;0&#8243;]<span style=\"font-weight: 400;text-decoration: underline;\">Voraussetzungen:<\/span>\n<ul style=\"margin-top:20px;\">\n\t<li><span style=\"font-weight: 400;\">Abschluss der 200h Inside Yoga Ausbildung<\/span><\/li>\n\t<li><span style=\"font-weight: 400;\">Abschluss der 300h Inside Yoga Ausbildung<\/span><\/li>\n<\/ul>[\/et_pb_text][\/et_pb_column][\/et_pb_row][et_pb_row _builder_version=&#8220;4.14.8&#8243; _module_preset=&#8220;ab8c9aab-09b5-466d-bc4e-4f287c72d799&#8243; max_width=&#8220;410px&#8220; border_color_all=&#8220;#dfd7cb&#8220; border_width_left=&#8220;1px&#8220; global_colors_info=&#8220;{}&#8220;][et_pb_column type=&#8220;4_4&#8243; _builder_version=&#8220;4.14.8&#8243; _module_preset=&#8220;default&#8220; global_colors_info=&#8220;{}&#8220;][et_pb_blurb title=&#8220;Level 3 &#8211; Inside Yoga Expert Teacher&#8220; use_icon=&#8220;on&#8220; font_icon=&#8220;&#xf111;||fa||900&#8243; icon_color=&#8220;#A87637&#8243; image_icon_background_color=&#8220;#FFFFFF&#8220; icon_placement=&#8220;left&#8220; image_icon_width=&#8220;15px&#8220; content_max_width=&#8220;100%&#8220; _builder_version=&#8220;4.14.8&#8243; _module_preset=&#8220;default&#8220; header_level=&#8220;h5&#8243; header_font=&#8220;Noto Sans|700||on|||||&#8220; header_text_color=&#8220;#A87637&#8243; header_font_size=&#8220;17px&#8220; header_line_height=&#8220;1.4em&#8220; body_font=&#8220;Noto Sans|700|||||||&#8220; body_text_color=&#8220;#000000&#8243; body_font_size=&#8220;19px&#8220; body_line_height=&#8220;1.8em&#8220; image_icon_custom_padding=&#8220;10px|10px|10px|10px|true|true&#8220; custom_margin=&#8220;|||-50px|false|false&#8220; custom_padding=&#8220;||21px|||&#8220; animation=&#8220;off&#8220; body_font_size_tablet=&#8220;18px&#8220; body_font_size_phone=&#8220;16px&#8220; body_font_size_last_edited=&#8220;on|phone&#8220; border_radii_image=&#8220;on|100%|100%|100%|100%&#8220; border_width_all_image=&#8220;1px&#8220; border_color_all_image=&#8220;#dfd7cb&#8220; icon_font_size=&#8220;40px&#8220; locked=&#8220;off&#8220; global_colors_info=&#8220;{}&#8220;]<p>Mentoring mit dem Inside Team (auf Einladung)<\/p>[\/et_pb_blurb][et_pb_text _builder_version=&#8220;4.14.8&#8243; _module_preset=&#8220;06a10713-4309-4a49-8175-5fd2b237a775&#8243; text_line_height=&#8220;1.8em&#8220; custom_margin=&#8220;||0px|4px|false|false&#8220; locked=&#8220;off&#8220; global_colors_info=&#8220;{}&#8220;]<p><span style=\"font-weight: 400;\">Der n\u00e4chste Schritt ist ein pers\u00f6nliches Mentoring mit Young Ho und seinem Mentoring-Team. Wir werden deine F\u00e4higkeiten als Lehrer und Erzieher herausfordern, um dir zu helfen, deinen Unterricht auf das Expertenniveau zu heben.<\/span><\/p>[\/et_pb_text][et_pb_text module_class=&#8220;pa-bullet-list-check&#8220; _builder_version=&#8220;4.14.8&#8243; _module_preset=&#8220;06a10713-4309-4a49-8175-5fd2b237a775&#8243; text_line_height=&#8220;1.8em&#8220; custom_margin=&#8220;25px||25px|4px|true|false&#8220; hover_enabled=&#8220;0&#8243; locked=&#8220;off&#8220; global_colors_info=&#8220;{}&#8220; sticky_enabled=&#8220;0&#8243;]<p><span style=\"font-weight: 400; text-decoration: underline;\">Voraussetzungen:<\/span><\/p>\n<ul style=\"margin-top: 20px;\">\n<li><span style=\"font-weight: 400;\">Abschluss der 500h Inside Yoga Ausbildung<\/span><\/li>\n<li>Seit mehr als 2 Jahren hauptberuflich als Yogalehrer t\u00e4tig<\/li>\n<li>Erfahrung in Workshops, Retreats, Stage &amp; Schatten f\u00fcr Lehrerausbilder<span style=\"font-weight: 400;\"><\/span><\/li>\n<li>Abschluss des pers\u00f6nlichen Mentorings<\/li>\n<\/ul>[\/et_pb_text][\/et_pb_column][\/et_pb_row][et_pb_row _builder_version=&#8220;4.14.8&#8243; _module_preset=&#8220;ab8c9aab-09b5-466d-bc4e-4f287c72d799&#8243; max_width=&#8220;410px&#8220; border_color_all=&#8220;#dfd7cb&#8220; border_width_left=&#8220;1px&#8220; global_colors_info=&#8220;{}&#8220;][et_pb_column type=&#8220;4_4&#8243; _builder_version=&#8220;4.14.8&#8243; _module_preset=&#8220;default&#8220; global_colors_info=&#8220;{}&#8220;][et_pb_blurb title=&#8220;Level 4 &#8211; Inside Yoga Teacher Trainer&#8220; use_icon=&#8220;on&#8220; font_icon=&#8220;&#xf111;||fa||900&#8243; icon_color=&#8220;#A87637&#8243; image_icon_background_color=&#8220;#FFFFFF&#8220; icon_placement=&#8220;left&#8220; image_icon_width=&#8220;15px&#8220; content_max_width=&#8220;100%&#8220; _builder_version=&#8220;4.14.8&#8243; _module_preset=&#8220;default&#8220; header_level=&#8220;h5&#8243; header_font=&#8220;Noto Sans|700||on|||||&#8220; header_text_color=&#8220;#A87637&#8243; header_font_size=&#8220;17px&#8220; header_line_height=&#8220;1.4em&#8220; body_font=&#8220;Noto Sans|700|||||||&#8220; body_text_color=&#8220;#000000&#8243; body_font_size=&#8220;19px&#8220; body_line_height=&#8220;1.8em&#8220; image_icon_custom_padding=&#8220;10px|10px|10px|10px|true|true&#8220; custom_margin=&#8220;|||-50px|false|false&#8220; custom_padding=&#8220;||21px|||&#8220; animation=&#8220;off&#8220; body_font_size_tablet=&#8220;18px&#8220; body_font_size_phone=&#8220;16px&#8220; body_font_size_last_edited=&#8220;on|phone&#8220; border_radii_image=&#8220;on|100%|100%|100%|100%&#8220; border_width_all_image=&#8220;1px&#8220; border_color_all_image=&#8220;#dfd7cb&#8220; icon_font_size=&#8220;40px&#8220; locked=&#8220;off&#8220; global_colors_info=&#8220;{}&#8220;]<p><b>Langfristige Partnerschaft (durch Nominierung)<\/b><\/p>[\/et_pb_blurb][et_pb_text _builder_version=&#8220;4.14.8&#8243; _module_preset=&#8220;06a10713-4309-4a49-8175-5fd2b237a775&#8243; text_line_height=&#8220;1.8em&#8220; custom_margin=&#8220;||0px|4px|false|false&#8220; locked=&#8220;off&#8220; global_colors_info=&#8220;{}&#8220;]<p><span style=\"font-weight: 400;\">Die engagiertesten, flei\u00dfigsten und loyalsten langj\u00e4hrigen Inside Yoga Expert Teacher werden Inside Yoga Teacher Trainers und leiten Lehrerausbildungen auf der ganzen Welt.<\/span><\/p>[\/et_pb_text][et_pb_text module_class=&#8220;pa-bullet-list-check&#8220; _builder_version=&#8220;4.14.8&#8243; _module_preset=&#8220;06a10713-4309-4a49-8175-5fd2b237a775&#8243; text_line_height=&#8220;1.8em&#8220; custom_margin=&#8220;25px||25px|4px|true|false&#8220; hover_enabled=&#8220;0&#8243; locked=&#8220;off&#8220; global_colors_info=&#8220;{}&#8220; sticky_enabled=&#8220;0&#8243;]<p><span style=\"font-weight: 400; text-decoration: underline;\">Voraussetzungen:<\/span><\/p>\n<ul style=\"margin-top: 20px;\">\n<li>Erfahrung als Fachlehrer und Unterst\u00fctzung von Ausbildern von Lehrern<\/li>\n<li>Nominierung durch Young Ho Kim<\/li>\n<\/ul>[\/et_pb_text][\/et_pb_column][\/et_pb_row][\/et_pb_section]\n","protected":false},"excerpt":{"rendered":"<p>Inside Yoga Lehrerstufen200h Inside Yoga Teacher TrainingZun\u00e4chst durchl\u00e4ufst du eine Grundausbildung. Nach 200 Stunden und einer erfolgreichen Pr\u00fcfung erh\u00e4ltst du dein Zertifikat und kannst Inside Yoga Kurse unterrichten.Voraussetzungen: Abschluss der 200h Inside Yoga Ausbildung 500h Inside Yoga Teacher TrainingNach der Grundausbildung stehen mehrere Zusatzausbildungen zur Auswahl und weitere 300h Lehrerausbildung, um dieses Level zu erreichen.Voraussetzungen: [&hellip;]<\/p>\n","protected":false},"author":1,"featured_media":0,"parent":163929,"menu_order":0,"comment_status":"closed","ping_status":"closed","template":"","meta":{"_acf_changed":false,"_et_pb_use_builder":"on","_et_pb_old_content":"","_et_gb_content_width":"","footnotes":""},"class_list":["post-164273","page","type-page","status-publish","hentry"],"acf":[],"yoast_head":"<!-- This site is optimized with the Yoast SEO plugin v27.3 - https:\/\/yoast.com\/product\/yoast-seo-wordpress\/ -->\n<title>Inside Yoga Lehrerstufen - insideyoga.org<\/title>\n<meta name=\"description\" content=\"Erfahre mehr \u00fcber die verschiedenen Lehrerstufen und ihre Anforderungen in Inside Yoga.\" \/>\n<meta name=\"robots\" content=\"index, follow, max-snippet:-1, max-image-preview:large, max-video-preview:-1\" \/>\n<link rel=\"canonical\" href=\"https:\/\/insideyoga.org\/de\/inside-yoga\/inside-yoga-lehrerstufen\/\" \/>\n<meta property=\"og:locale\" content=\"de_DE\" \/>\n<meta property=\"og:type\" content=\"article\" \/>\n<meta property=\"og:title\" content=\"Inside Yoga Lehrerstufen - insideyoga.org\" \/>\n<meta property=\"og:description\" content=\"Erfahre mehr \u00fcber die verschiedenen Lehrerstufen und ihre Anforderungen in Inside Yoga.\" \/>\n<meta property=\"og:url\" content=\"https:\/\/insideyoga.org\/de\/inside-yoga\/inside-yoga-lehrerstufen\/\" \/>\n<meta property=\"og:site_name\" content=\"insideyoga.org\" \/>\n<meta property=\"article:modified_time\" content=\"2022-10-27T17:22:09+00:00\" \/>\n<meta property=\"og:image\" content=\"https:\/\/insideyoga.org\/wp-content\/uploads\/2022\/10\/insideyoga-org-meta1.jpg\" \/>\n\t<meta property=\"og:image:width\" content=\"800\" \/>\n\t<meta property=\"og:image:height\" content=\"500\" \/>\n\t<meta property=\"og:image:type\" content=\"image\/jpeg\" \/>\n<meta name=\"twitter:card\" content=\"summary_large_image\" \/>\n<meta name=\"twitter:label1\" content=\"Gesch\u00e4tzte Lesezeit\" \/>\n\t<meta name=\"twitter:data1\" content=\"8\u00a0Minuten\" \/>\n<script type=\"application\/ld+json\" class=\"yoast-schema-graph\">{\"@context\":\"https:\\\/\\\/schema.org\",\"@graph\":[{\"@type\":\"WebPage\",\"@id\":\"https:\\\/\\\/insideyoga.org\\\/de\\\/inside-yoga\\\/inside-yoga-lehrerstufen\\\/\",\"url\":\"https:\\\/\\\/insideyoga.org\\\/de\\\/inside-yoga\\\/inside-yoga-lehrerstufen\\\/\",\"name\":\"Inside Yoga Lehrerstufen - insideyoga.org\",\"isPartOf\":{\"@id\":\"https:\\\/\\\/insideyoga.org\\\/#website\"},\"datePublished\":\"2022-09-14T18:51:23+00:00\",\"dateModified\":\"2022-10-27T17:22:09+00:00\",\"description\":\"Erfahre mehr \u00fcber die verschiedenen Lehrerstufen und ihre Anforderungen in Inside Yoga.\",\"breadcrumb\":{\"@id\":\"https:\\\/\\\/insideyoga.org\\\/de\\\/inside-yoga\\\/inside-yoga-lehrerstufen\\\/#breadcrumb\"},\"inLanguage\":\"de\",\"potentialAction\":[{\"@type\":\"ReadAction\",\"target\":[\"https:\\\/\\\/insideyoga.org\\\/de\\\/inside-yoga\\\/inside-yoga-lehrerstufen\\\/\"]}]},{\"@type\":\"BreadcrumbList\",\"@id\":\"https:\\\/\\\/insideyoga.org\\\/de\\\/inside-yoga\\\/inside-yoga-lehrerstufen\\\/#breadcrumb\",\"itemListElement\":[{\"@type\":\"ListItem\",\"position\":1,\"name\":\"Home\",\"item\":\"https:\\\/\\\/insideyoga.org\\\/de\\\/\"},{\"@type\":\"ListItem\",\"position\":2,\"name\":\"Inside Yoga\",\"item\":\"https:\\\/\\\/insideyoga.org\\\/de\\\/inside-yoga\\\/\"},{\"@type\":\"ListItem\",\"position\":3,\"name\":\"Inside Yoga Lehrerstufen\"}]},{\"@type\":\"WebSite\",\"@id\":\"https:\\\/\\\/insideyoga.org\\\/#website\",\"url\":\"https:\\\/\\\/insideyoga.org\\\/\",\"name\":\"insideyoga.org\",\"description\":\"The home of Inside Yoga &amp; Inside Flow\",\"publisher\":{\"@id\":\"https:\\\/\\\/insideyoga.org\\\/#organization\"},\"potentialAction\":[{\"@type\":\"SearchAction\",\"target\":{\"@type\":\"EntryPoint\",\"urlTemplate\":\"https:\\\/\\\/insideyoga.org\\\/?s={search_term_string}\"},\"query-input\":{\"@type\":\"PropertyValueSpecification\",\"valueRequired\":true,\"valueName\":\"search_term_string\"}}],\"inLanguage\":\"de\"},{\"@type\":\"Organization\",\"@id\":\"https:\\\/\\\/insideyoga.org\\\/#organization\",\"name\":\"insideyoga.org\",\"url\":\"https:\\\/\\\/insideyoga.org\\\/\",\"logo\":{\"@type\":\"ImageObject\",\"inLanguage\":\"de\",\"@id\":\"https:\\\/\\\/insideyoga.org\\\/#\\\/schema\\\/logo\\\/image\\\/\",\"url\":\"https:\\\/\\\/insideyoga.org\\\/wp-content\\\/uploads\\\/2022\\\/10\\\/insideyoga-org-meta1.jpg\",\"contentUrl\":\"https:\\\/\\\/insideyoga.org\\\/wp-content\\\/uploads\\\/2022\\\/10\\\/insideyoga-org-meta1.jpg\",\"width\":800,\"height\":500,\"caption\":\"insideyoga.org\"},\"image\":{\"@id\":\"https:\\\/\\\/insideyoga.org\\\/#\\\/schema\\\/logo\\\/image\\\/\"}}]}<\/script>\n<!-- \/ Yoast SEO plugin. -->","yoast_head_json":{"title":"Inside Yoga Lehrerstufen - insideyoga.org","description":"Erfahre mehr \u00fcber die verschiedenen Lehrerstufen und ihre Anforderungen in Inside Yoga.","robots":{"index":"index","follow":"follow","max-snippet":"max-snippet:-1","max-image-preview":"max-image-preview:large","max-video-preview":"max-video-preview:-1"},"canonical":"https:\/\/insideyoga.org\/de\/inside-yoga\/inside-yoga-lehrerstufen\/","og_locale":"de_DE","og_type":"article","og_title":"Inside Yoga Lehrerstufen - insideyoga.org","og_description":"Erfahre mehr \u00fcber die verschiedenen Lehrerstufen und ihre Anforderungen in Inside Yoga.","og_url":"https:\/\/insideyoga.org\/de\/inside-yoga\/inside-yoga-lehrerstufen\/","og_site_name":"insideyoga.org","article_modified_time":"2022-10-27T17:22:09+00:00","og_image":[{"width":800,"height":500,"url":"https:\/\/insideyoga.org\/wp-content\/uploads\/2022\/10\/insideyoga-org-meta1.jpg","type":"image\/jpeg"}],"twitter_card":"summary_large_image","twitter_misc":{"Gesch\u00e4tzte Lesezeit":"8\u00a0Minuten"},"schema":{"@context":"https:\/\/schema.org","@graph":[{"@type":"WebPage","@id":"https:\/\/insideyoga.org\/de\/inside-yoga\/inside-yoga-lehrerstufen\/","url":"https:\/\/insideyoga.org\/de\/inside-yoga\/inside-yoga-lehrerstufen\/","name":"Inside Yoga Lehrerstufen - insideyoga.org","isPartOf":{"@id":"https:\/\/insideyoga.org\/#website"},"datePublished":"2022-09-14T18:51:23+00:00","dateModified":"2022-10-27T17:22:09+00:00","description":"Erfahre mehr \u00fcber die verschiedenen Lehrerstufen und ihre Anforderungen in Inside Yoga.","breadcrumb":{"@id":"https:\/\/insideyoga.org\/de\/inside-yoga\/inside-yoga-lehrerstufen\/#breadcrumb"},"inLanguage":"de","potentialAction":[{"@type":"ReadAction","target":["https:\/\/insideyoga.org\/de\/inside-yoga\/inside-yoga-lehrerstufen\/"]}]},{"@type":"BreadcrumbList","@id":"https:\/\/insideyoga.org\/de\/inside-yoga\/inside-yoga-lehrerstufen\/#breadcrumb","itemListElement":[{"@type":"ListItem","position":1,"name":"Home","item":"https:\/\/insideyoga.org\/de\/"},{"@type":"ListItem","position":2,"name":"Inside Yoga","item":"https:\/\/insideyoga.org\/de\/inside-yoga\/"},{"@type":"ListItem","position":3,"name":"Inside Yoga Lehrerstufen"}]},{"@type":"WebSite","@id":"https:\/\/insideyoga.org\/#website","url":"https:\/\/insideyoga.org\/","name":"insideyoga.org","description":"The home of Inside Yoga &amp; Inside Flow","publisher":{"@id":"https:\/\/insideyoga.org\/#organization"},"potentialAction":[{"@type":"SearchAction","target":{"@type":"EntryPoint","urlTemplate":"https:\/\/insideyoga.org\/?s={search_term_string}"},"query-input":{"@type":"PropertyValueSpecification","valueRequired":true,"valueName":"search_term_string"}}],"inLanguage":"de"},{"@type":"Organization","@id":"https:\/\/insideyoga.org\/#organization","name":"insideyoga.org","url":"https:\/\/insideyoga.org\/","logo":{"@type":"ImageObject","inLanguage":"de","@id":"https:\/\/insideyoga.org\/#\/schema\/logo\/image\/","url":"https:\/\/insideyoga.org\/wp-content\/uploads\/2022\/10\/insideyoga-org-meta1.jpg","contentUrl":"https:\/\/insideyoga.org\/wp-content\/uploads\/2022\/10\/insideyoga-org-meta1.jpg","width":800,"height":500,"caption":"insideyoga.org"},"image":{"@id":"https:\/\/insideyoga.org\/#\/schema\/logo\/image\/"}}]}},"_links":{"self":[{"href":"https:\/\/insideyoga.org\/de\/wp-json\/wp\/v2\/pages\/164273","targetHints":{"allow":["GET"]}}],"collection":[{"href":"https:\/\/insideyoga.org\/de\/wp-json\/wp\/v2\/pages"}],"about":[{"href":"https:\/\/insideyoga.org\/de\/wp-json\/wp\/v2\/types\/page"}],"author":[{"embeddable":true,"href":"https:\/\/insideyoga.org\/de\/wp-json\/wp\/v2\/users\/1"}],"replies":[{"embeddable":true,"href":"https:\/\/insideyoga.org\/de\/wp-json\/wp\/v2\/comments?post=164273"}],"version-history":[{"count":1,"href":"https:\/\/insideyoga.org\/de\/wp-json\/wp\/v2\/pages\/164273\/revisions"}],"predecessor-version":[{"id":164276,"href":"https:\/\/insideyoga.org\/de\/wp-json\/wp\/v2\/pages\/164273\/revisions\/164276"}],"up":[{"embeddable":true,"href":"https:\/\/insideyoga.org\/de\/wp-json\/wp\/v2\/pages\/163929"}],"wp:attachment":[{"href":"https:\/\/insideyoga.org\/de\/wp-json\/wp\/v2\/media?parent=164273"}],"curies":[{"name":"wp","href":"https:\/\/api.w.org\/{rel}","templated":true}]}}