{"id":164277,"date":"2022-03-27T22:14:23","date_gmt":"2022-03-27T22:14:23","guid":{"rendered":"https:\/\/insideyoga.org\/inside-yoga\/inside-yoga-ausbilder\/"},"modified":"2022-10-27T17:25:49","modified_gmt":"2022-10-27T17:25:49","slug":"inside-yoga-ausbilder","status":"publish","type":"page","link":"https:\/\/insideyoga.org\/de\/inside-yoga\/inside-yoga-ausbilder\/","title":{"rendered":"Inside Yoga Ausbilder"},"content":{"rendered":"\n[et_pb_section fb_built=&#8220;1&#8243; custom_padding_last_edited=&#8220;on|tablet&#8220; _builder_version=&#8220;4.14.8&#8243; _module_preset=&#8220;3f11ada8-634d-4ff9-8ae3-2313fe8a6313&#8243; custom_margin_tablet=&#8220;-60px||||false|false&#8220; custom_margin_phone=&#8220;-60px||||false|false&#8220; custom_margin_last_edited=&#8220;on|tablet&#8220; custom_padding_tablet=&#8220;||0px||false|false&#8220; custom_padding_phone=&#8220;||0px||false|false&#8220; global_colors_info=&#8220;{}&#8220;][et_pb_row _builder_version=&#8220;4.14.8&#8243; _module_preset=&#8220;default&#8220; width=&#8220;95%&#8220; custom_margin=&#8220;||||false|false&#8220; global_colors_info=&#8220;{}&#8220;][et_pb_column type=&#8220;4_4&#8243; _builder_version=&#8220;4.14.8&#8243; _module_preset=&#8220;default&#8220; custom_padding=&#8220;||75px||false|false&#8220; custom_padding_last_edited=&#8220;off|desktop&#8220; global_colors_info=&#8220;{}&#8220;][et_pb_code _builder_version=&#8220;4.14.8&#8243; _module_preset=&#8220;default&#8220; global_colors_info=&#8220;{}&#8220;]  <div class=\"teachers\">\n      <a href=\"https:\/\/insideyoga.org\/de\/teachers\/young-ho-kim\/\" class=\"teacher\">\n      <div class=\"featured-image\">\n                <img decoding=\"async\" src=\"https:\/\/insideyoga.org\/wp-content\/uploads\/2022\/10\/IMG_0632_500x500-1.jpg\">\n                <\/div>\n      <div class=\"teacher-details\">\n        <h2>Young Ho Kim<\/h2>\n        <span>\n          <i class=\"fa-solid fa-award teacher-icon\"><\/i>\n            Inside Flow, Inside Yoga        <\/span>\n      <\/div>\n    <\/a>\n      <a href=\"https:\/\/insideyoga.org\/de\/teachers\/jeong-won-kim-lulusoul\/\" class=\"teacher\">\n      <div class=\"featured-image\">\n                <img decoding=\"async\" src=\"https:\/\/insideyoga.org\/wp-content\/uploads\/2022\/06\/small_small_NneKYOw6QIKVrvZdKvfV_1958FC9B-3741-4B8F-B965-84AA1DB6E332.jpeg\">\n                <\/div>\n      <div class=\"teacher-details\">\n        <h2>Jeong Won Kim (Lulusoul)<\/h2>\n        <span>\n          <i class=\"fa-solid fa-award teacher-icon\"><\/i>\n            Inside Flow, Inside Yoga        <\/span>\n      <\/div>\n    <\/a>\n      <a href=\"https:\/\/insideyoga.org\/de\/teachers\/hie-kim\/\" class=\"teacher\">\n      <div class=\"featured-image\">\n                <img decoding=\"async\" src=\"https:\/\/insideyoga.org\/wp-content\/uploads\/2022\/06\/Hie-1.jpg\">\n                <\/div>\n      <div class=\"teacher-details\">\n        <h2>Hie Kim<\/h2>\n        <span>\n          <i class=\"fa-solid fa-award teacher-icon\"><\/i>\n            Inside Flow, Inside Yoga        <\/span>\n      <\/div>\n    <\/a>\n      <a href=\"https:\/\/insideyoga.org\/de\/teachers\/erika\/\" class=\"teacher\">\n      <div class=\"featured-image\">\n                <img decoding=\"async\" src=\"https:\/\/insideyoga.org\/wp-content\/uploads\/2022\/07\/IFA-Plus-Korea-0163-sm-1.jpg\">\n                <\/div>\n      <div class=\"teacher-details\">\n        <h2>Eunjin Mun (Erika)<\/h2>\n        <span>\n          <i class=\"fa-solid fa-award teacher-icon\"><\/i>\n            Inside Flow, Inside Yoga        <\/span>\n      <\/div>\n    <\/a>\n      <a href=\"https:\/\/insideyoga.org\/de\/teachers\/alexey-gaevskij\/\" class=\"teacher\">\n      <div class=\"featured-image\">\n                <img decoding=\"async\" src=\"https:\/\/insideyoga.org\/wp-content\/uploads\/2022\/06\/Alexey.jpg\">\n                <\/div>\n      <div class=\"teacher-details\">\n        <h2>Alexey Gaevskij<\/h2>\n        <span>\n          <i class=\"fa-solid fa-award teacher-icon\"><\/i>\n            Inside Flow, Inside Yoga        <\/span>\n      <\/div>\n    <\/a>\n      <a href=\"https:\/\/insideyoga.org\/de\/teachers\/ami-norton\/\" class=\"teacher\">\n      <div class=\"featured-image\">\n                <img decoding=\"async\" src=\"https:\/\/insideyoga.org\/wp-content\/uploads\/2022\/09\/715CA085-BD11-4649-BA2E-7B3413836B93.jpg\">\n                <\/div>\n      <div class=\"teacher-details\">\n        <h2>Ami Norton<\/h2>\n        <span>\n          <i class=\"fa-solid fa-award teacher-icon\"><\/i>\n            Inside Flow, Inside Yoga        <\/span>\n      <\/div>\n    <\/a>\n      <a href=\"https:\/\/insideyoga.org\/de\/teachers\/andrea-kim\/\" class=\"teacher\">\n      <div class=\"featured-image\">\n                <img decoding=\"async\" src=\"https:\/\/insideyoga.org\/wp-content\/uploads\/2022\/09\/Andrea_Kim-2.jpg\">\n                <\/div>\n      <div class=\"teacher-details\">\n        <h2>Andrea Kim<\/h2>\n        <span>\n          <i class=\"fa-solid fa-award teacher-icon\"><\/i>\n            Inside Yoga        <\/span>\n      <\/div>\n    <\/a>\n      <a href=\"https:\/\/insideyoga.org\/de\/teachers\/manuela-neddermeyer\/\" class=\"teacher\">\n      <div class=\"featured-image\">\n                <img decoding=\"async\" src=\"https:\/\/insideyoga.org\/wp-content\/uploads\/2022\/10\/Manuela-2.jpg\">\n                <\/div>\n      <div class=\"teacher-details\">\n        <h2>Manuela Neddermeyer<\/h2>\n        <span>\n          <i class=\"fa-solid fa-award teacher-icon\"><\/i>\n            Inside Yoga        <\/span>\n      <\/div>\n    <\/a>\n      <a href=\"https:\/\/insideyoga.org\/de\/teachers\/anna-herz\/\" class=\"teacher\">\n      <div class=\"featured-image\">\n                <img decoding=\"async\" src=\"https:\/\/insideyoga.org\/wp-content\/uploads\/2023\/08\/Design-ohne-Titel.jpg\">\n                <\/div>\n      <div class=\"teacher-details\">\n        <h2>Anna Herz<\/h2>\n        <span>\n          <i class=\"fa-solid fa-award teacher-icon\"><\/i>\n            Inside Flow, Inside Yoga        <\/span>\n      <\/div>\n    <\/a>\n  [\/et_pb_code][\/et_pb_column][\/et_pb_row][et_pb_row _builder_version=&#8220;4.14.8&#8243; _module_preset=&#8220;default&#8220; background_color=&#8220;#f4f1ed&#8220; width=&#8220;100%&#8220; border_radii=&#8220;on|25px|25px|25px|25px&#8220; global_colors_info=&#8220;{}&#8220;][et_pb_column type=&#8220;4_4&#8243; _builder_version=&#8220;4.14.8&#8243; _module_preset=&#8220;default&#8220; custom_padding=&#8220;30px|50px|30px|50px|true|false&#8220; custom_padding_tablet=&#8220;30px|50px|30px|50px|true|false&#8220; custom_padding_phone=&#8220;30px|30px|30px|30px|true|true&#8220; custom_padding_last_edited=&#8220;on|phone&#8220; global_colors_info=&#8220;{}&#8220;][et_pb_code _builder_version=&#8220;4.14.8&#8243; _module_preset=&#8220;default&#8220; custom_margin=&#8220;||20px|||&#8220; global_colors_info=&#8220;{}&#8220;]<i class=\"fa-solid fa-circle-info\" style=\"font-size: 2em; color: #A87637;\"><\/i><h1 style=\"display: inline; margin-left: 1em; font-weight: 700; color: #000; font-size: 1.8em\">Was ist ein Inside Yoga Ausbilder?<\/h1>[\/et_pb_code][et_pb_text module_class=&#8220;font-normal&#8220; _builder_version=&#8220;4.14.8&#8243; _module_preset=&#8220;default&#8220; text_font_size=&#8220;19px&#8220; text_line_height=&#8220;1.8em&#8220; global_colors_info=&#8220;{}&#8220;]<p><span>Ein Inside Yoga Ausbilder ist ein engagierter Profi und langj\u00e4hriger Partner von Inside Yoga, der seit vielen Jahren Inside Yoga unterrichtet und von unserem Gr\u00fcnder Young Ho Kim ausgew\u00e4hlt wurde, um eine f\u00fchrende Rolle in dieser Community zu \u00fcbernehmen und andere Inside Yoga Lehrer in der Lehrerausbildung anzuleiten.<\/span><\/p>[\/et_pb_text][\/et_pb_column][\/et_pb_row][\/et_pb_section]\n","protected":false},"excerpt":{"rendered":"","protected":false},"author":2,"featured_media":4012,"parent":163929,"menu_order":0,"comment_status":"closed","ping_status":"closed","template":"","meta":{"_acf_changed":false,"_et_pb_use_builder":"on","_et_pb_old_content":"","_et_gb_content_width":"","footnotes":""},"class_list":["post-164277","page","type-page","status-publish","has-post-thumbnail","hentry"],"acf":[],"yoast_head":"<!-- This site is optimized with the Yoast SEO plugin v27.3 - https:\/\/yoast.com\/product\/yoast-seo-wordpress\/ -->\n<title>Inside Yoga Ausbilder - insideyoga.org<\/title>\n<meta name=\"description\" content=\"Hier findest du eine \u00dcbersicht \u00fcber alle Inside Yogalehrer-Ausbilder mit umfangreichem Know-how und Erfahrung.\" \/>\n<meta name=\"robots\" content=\"index, follow, max-snippet:-1, max-image-preview:large, max-video-preview:-1\" \/>\n<link rel=\"canonical\" href=\"https:\/\/insideyoga.org\/inside-yoga\/teacher-trainers\/\" \/>\n<meta property=\"og:locale\" content=\"de_DE\" \/>\n<meta property=\"og:type\" content=\"article\" \/>\n<meta property=\"og:title\" content=\"Inside Yoga Ausbilder - insideyoga.org\" \/>\n<meta property=\"og:description\" content=\"Hier findest du eine \u00dcbersicht \u00fcber alle Inside Yogalehrer-Ausbilder mit umfangreichem Know-how und Erfahrung.\" \/>\n<meta property=\"og:url\" content=\"https:\/\/insideyoga.org\/inside-yoga\/teacher-trainers\/\" \/>\n<meta property=\"og:site_name\" content=\"insideyoga.org\" \/>\n<meta property=\"article:modified_time\" content=\"2022-10-27T17:25:49+00:00\" \/>\n<meta property=\"og:image\" content=\"https:\/\/insideyoga.org\/wp-content\/uploads\/2022\/03\/Hero-Image1.png\" \/>\n\t<meta property=\"og:image:width\" content=\"740\" \/>\n\t<meta property=\"og:image:height\" content=\"525\" \/>\n\t<meta property=\"og:image:type\" content=\"image\/png\" \/>\n<meta name=\"twitter:card\" content=\"summary_large_image\" \/>\n<meta name=\"twitter:label1\" content=\"Gesch\u00e4tzte Lesezeit\" \/>\n\t<meta name=\"twitter:data1\" content=\"2\u00a0Minuten\" \/>\n<script type=\"application\/ld+json\" class=\"yoast-schema-graph\">{\"@context\":\"https:\\\/\\\/schema.org\",\"@graph\":[{\"@type\":\"WebPage\",\"@id\":\"https:\\\/\\\/insideyoga.org\\\/inside-yoga\\\/teacher-trainers\\\/\",\"url\":\"https:\\\/\\\/insideyoga.org\\\/inside-yoga\\\/teacher-trainers\\\/\",\"name\":\"Inside Yoga Ausbilder - insideyoga.org\",\"isPartOf\":{\"@id\":\"https:\\\/\\\/insideyoga.org\\\/#website\"},\"primaryImageOfPage\":{\"@id\":\"https:\\\/\\\/insideyoga.org\\\/inside-yoga\\\/teacher-trainers\\\/#primaryimage\"},\"image\":{\"@id\":\"https:\\\/\\\/insideyoga.org\\\/inside-yoga\\\/teacher-trainers\\\/#primaryimage\"},\"thumbnailUrl\":\"https:\\\/\\\/insideyoga.org\\\/wp-content\\\/uploads\\\/2022\\\/03\\\/Hero-Image1.png\",\"datePublished\":\"2022-03-27T22:14:23+00:00\",\"dateModified\":\"2022-10-27T17:25:49+00:00\",\"description\":\"Hier findest du eine \u00dcbersicht \u00fcber alle Inside Yogalehrer-Ausbilder mit umfangreichem Know-how und Erfahrung.\",\"breadcrumb\":{\"@id\":\"https:\\\/\\\/insideyoga.org\\\/inside-yoga\\\/teacher-trainers\\\/#breadcrumb\"},\"inLanguage\":\"de\",\"potentialAction\":[{\"@type\":\"ReadAction\",\"target\":[\"https:\\\/\\\/insideyoga.org\\\/inside-yoga\\\/teacher-trainers\\\/\"]}]},{\"@type\":\"ImageObject\",\"inLanguage\":\"de\",\"@id\":\"https:\\\/\\\/insideyoga.org\\\/inside-yoga\\\/teacher-trainers\\\/#primaryimage\",\"url\":\"https:\\\/\\\/insideyoga.org\\\/wp-content\\\/uploads\\\/2022\\\/03\\\/Hero-Image1.png\",\"contentUrl\":\"https:\\\/\\\/insideyoga.org\\\/wp-content\\\/uploads\\\/2022\\\/03\\\/Hero-Image1.png\",\"width\":740,\"height\":525},{\"@type\":\"BreadcrumbList\",\"@id\":\"https:\\\/\\\/insideyoga.org\\\/inside-yoga\\\/teacher-trainers\\\/#breadcrumb\",\"itemListElement\":[{\"@type\":\"ListItem\",\"position\":1,\"name\":\"Home\",\"item\":\"https:\\\/\\\/insideyoga.org\\\/de\\\/\"},{\"@type\":\"ListItem\",\"position\":2,\"name\":\"Inside Yoga\",\"item\":\"https:\\\/\\\/insideyoga.org\\\/de\\\/inside-yoga\\\/\"},{\"@type\":\"ListItem\",\"position\":3,\"name\":\"Inside Yoga Ausbilder\"}]},{\"@type\":\"WebSite\",\"@id\":\"https:\\\/\\\/insideyoga.org\\\/#website\",\"url\":\"https:\\\/\\\/insideyoga.org\\\/\",\"name\":\"insideyoga.org\",\"description\":\"The home of Inside Yoga &amp; Inside Flow\",\"publisher\":{\"@id\":\"https:\\\/\\\/insideyoga.org\\\/#organization\"},\"potentialAction\":[{\"@type\":\"SearchAction\",\"target\":{\"@type\":\"EntryPoint\",\"urlTemplate\":\"https:\\\/\\\/insideyoga.org\\\/?s={search_term_string}\"},\"query-input\":{\"@type\":\"PropertyValueSpecification\",\"valueRequired\":true,\"valueName\":\"search_term_string\"}}],\"inLanguage\":\"de\"},{\"@type\":\"Organization\",\"@id\":\"https:\\\/\\\/insideyoga.org\\\/#organization\",\"name\":\"insideyoga.org\",\"url\":\"https:\\\/\\\/insideyoga.org\\\/\",\"logo\":{\"@type\":\"ImageObject\",\"inLanguage\":\"de\",\"@id\":\"https:\\\/\\\/insideyoga.org\\\/#\\\/schema\\\/logo\\\/image\\\/\",\"url\":\"https:\\\/\\\/insideyoga.org\\\/wp-content\\\/uploads\\\/2022\\\/10\\\/insideyoga-org-meta1.jpg\",\"contentUrl\":\"https:\\\/\\\/insideyoga.org\\\/wp-content\\\/uploads\\\/2022\\\/10\\\/insideyoga-org-meta1.jpg\",\"width\":800,\"height\":500,\"caption\":\"insideyoga.org\"},\"image\":{\"@id\":\"https:\\\/\\\/insideyoga.org\\\/#\\\/schema\\\/logo\\\/image\\\/\"}}]}<\/script>\n<!-- \/ Yoast SEO plugin. -->","yoast_head_json":{"title":"Inside Yoga Ausbilder - insideyoga.org","description":"Hier findest du eine \u00dcbersicht \u00fcber alle Inside Yogalehrer-Ausbilder mit umfangreichem Know-how und Erfahrung.","robots":{"index":"index","follow":"follow","max-snippet":"max-snippet:-1","max-image-preview":"max-image-preview:large","max-video-preview":"max-video-preview:-1"},"canonical":"https:\/\/insideyoga.org\/inside-yoga\/teacher-trainers\/","og_locale":"de_DE","og_type":"article","og_title":"Inside Yoga Ausbilder - insideyoga.org","og_description":"Hier findest du eine \u00dcbersicht \u00fcber alle Inside Yogalehrer-Ausbilder mit umfangreichem Know-how und Erfahrung.","og_url":"https:\/\/insideyoga.org\/inside-yoga\/teacher-trainers\/","og_site_name":"insideyoga.org","article_modified_time":"2022-10-27T17:25:49+00:00","og_image":[{"width":740,"height":525,"url":"https:\/\/insideyoga.org\/wp-content\/uploads\/2022\/03\/Hero-Image1.png","type":"image\/png"}],"twitter_card":"summary_large_image","twitter_misc":{"Gesch\u00e4tzte Lesezeit":"2\u00a0Minuten"},"schema":{"@context":"https:\/\/schema.org","@graph":[{"@type":"WebPage","@id":"https:\/\/insideyoga.org\/inside-yoga\/teacher-trainers\/","url":"https:\/\/insideyoga.org\/inside-yoga\/teacher-trainers\/","name":"Inside Yoga Ausbilder - insideyoga.org","isPartOf":{"@id":"https:\/\/insideyoga.org\/#website"},"primaryImageOfPage":{"@id":"https:\/\/insideyoga.org\/inside-yoga\/teacher-trainers\/#primaryimage"},"image":{"@id":"https:\/\/insideyoga.org\/inside-yoga\/teacher-trainers\/#primaryimage"},"thumbnailUrl":"https:\/\/insideyoga.org\/wp-content\/uploads\/2022\/03\/Hero-Image1.png","datePublished":"2022-03-27T22:14:23+00:00","dateModified":"2022-10-27T17:25:49+00:00","description":"Hier findest du eine \u00dcbersicht \u00fcber alle Inside Yogalehrer-Ausbilder mit umfangreichem Know-how und Erfahrung.","breadcrumb":{"@id":"https:\/\/insideyoga.org\/inside-yoga\/teacher-trainers\/#breadcrumb"},"inLanguage":"de","potentialAction":[{"@type":"ReadAction","target":["https:\/\/insideyoga.org\/inside-yoga\/teacher-trainers\/"]}]},{"@type":"ImageObject","inLanguage":"de","@id":"https:\/\/insideyoga.org\/inside-yoga\/teacher-trainers\/#primaryimage","url":"https:\/\/insideyoga.org\/wp-content\/uploads\/2022\/03\/Hero-Image1.png","contentUrl":"https:\/\/insideyoga.org\/wp-content\/uploads\/2022\/03\/Hero-Image1.png","width":740,"height":525},{"@type":"BreadcrumbList","@id":"https:\/\/insideyoga.org\/inside-yoga\/teacher-trainers\/#breadcrumb","itemListElement":[{"@type":"ListItem","position":1,"name":"Home","item":"https:\/\/insideyoga.org\/de\/"},{"@type":"ListItem","position":2,"name":"Inside Yoga","item":"https:\/\/insideyoga.org\/de\/inside-yoga\/"},{"@type":"ListItem","position":3,"name":"Inside Yoga Ausbilder"}]},{"@type":"WebSite","@id":"https:\/\/insideyoga.org\/#website","url":"https:\/\/insideyoga.org\/","name":"insideyoga.org","description":"The home of Inside Yoga &amp; Inside Flow","publisher":{"@id":"https:\/\/insideyoga.org\/#organization"},"potentialAction":[{"@type":"SearchAction","target":{"@type":"EntryPoint","urlTemplate":"https:\/\/insideyoga.org\/?s={search_term_string}"},"query-input":{"@type":"PropertyValueSpecification","valueRequired":true,"valueName":"search_term_string"}}],"inLanguage":"de"},{"@type":"Organization","@id":"https:\/\/insideyoga.org\/#organization","name":"insideyoga.org","url":"https:\/\/insideyoga.org\/","logo":{"@type":"ImageObject","inLanguage":"de","@id":"https:\/\/insideyoga.org\/#\/schema\/logo\/image\/","url":"https:\/\/insideyoga.org\/wp-content\/uploads\/2022\/10\/insideyoga-org-meta1.jpg","contentUrl":"https:\/\/insideyoga.org\/wp-content\/uploads\/2022\/10\/insideyoga-org-meta1.jpg","width":800,"height":500,"caption":"insideyoga.org"},"image":{"@id":"https:\/\/insideyoga.org\/#\/schema\/logo\/image\/"}}]}},"_links":{"self":[{"href":"https:\/\/insideyoga.org\/de\/wp-json\/wp\/v2\/pages\/164277","targetHints":{"allow":["GET"]}}],"collection":[{"href":"https:\/\/insideyoga.org\/de\/wp-json\/wp\/v2\/pages"}],"about":[{"href":"https:\/\/insideyoga.org\/de\/wp-json\/wp\/v2\/types\/page"}],"author":[{"embeddable":true,"href":"https:\/\/insideyoga.org\/de\/wp-json\/wp\/v2\/users\/2"}],"replies":[{"embeddable":true,"href":"https:\/\/insideyoga.org\/de\/wp-json\/wp\/v2\/comments?post=164277"}],"version-history":[{"count":1,"href":"https:\/\/insideyoga.org\/de\/wp-json\/wp\/v2\/pages\/164277\/revisions"}],"predecessor-version":[{"id":164278,"href":"https:\/\/insideyoga.org\/de\/wp-json\/wp\/v2\/pages\/164277\/revisions\/164278"}],"up":[{"embeddable":true,"href":"https:\/\/insideyoga.org\/de\/wp-json\/wp\/v2\/pages\/163929"}],"wp:featuredmedia":[{"embeddable":true,"href":"https:\/\/insideyoga.org\/de\/wp-json\/wp\/v2\/media\/4012"}],"wp:attachment":[{"href":"https:\/\/insideyoga.org\/de\/wp-json\/wp\/v2\/media?parent=164277"}],"curies":[{"name":"wp","href":"https:\/\/api.w.org\/{rel}","templated":true}]}}