{"id":165042,"date":"2023-01-23T14:29:04","date_gmt":"2023-01-23T14:29:04","guid":{"rendered":"https:\/\/insideyoga.org\/flow-show\/neuling\/"},"modified":"2023-01-24T14:13:41","modified_gmt":"2023-01-24T14:13:41","slug":"neuling","status":"publish","type":"page","link":"https:\/\/insideyoga.org\/de\/neuling\/","title":{"rendered":"Neuling"},"content":{"rendered":"<p>[et_pb_section fb_built=&#8220;1&#8243; _builder_version=&#8220;4.14.8&#8243; _module_preset=&#8220;default&#8220; custom_padding_phone=&#8220;||0px||false|false&#8220; global_colors_info=&#8220;{}&#8220;][et_pb_row _builder_version=&#8220;4.14.8&#8243; _module_preset=&#8220;default&#8220; custom_margin=&#8220;||75px||false|false&#8220; global_colors_info=&#8220;{}&#8220;][et_pb_column type=&#8220;4_4&#8243; _builder_version=&#8220;4.14.8&#8243; _module_preset=&#8220;default&#8220; global_colors_info=&#8220;{}&#8220;][et_pb_text _builder_version=&#8220;4.14.8&#8243; _module_preset=&#8220;default&#8220; text_text_color=&#8220;#2E6164&#8243; text_font_size=&#8220;20px&#8220; header_text_align=&#8220;center&#8220; header_font_size=&#8220;33px&#8220; header_line_height=&#8220;1.4em&#8220; background_color=&#8220;rgba(46,97,100,0.1)&#8220; text_orientation=&#8220;center&#8220; max_width=&#8220;800px&#8220; module_alignment=&#8220;center&#8220; custom_margin=&#8220;||20px||false|false&#8220; custom_padding=&#8220;5px|20px|5px|20px|true|true&#8220; text_font_size_phone=&#8220;16px&#8220; custom_css_main_element=&#8220;width:fit-content;&#8220; border_radii=&#8220;on|5px|5px|5px|5px&#8220; global_module=&#8220;164919&#8243; saved_tabs=&#8220;all&#8220; global_colors_info=&#8220;{}&#8220;]<\/p>\n<p>Dein Inside Flow-Typ:<\/p>\n<p>[\/et_pb_text][et_pb_text _builder_version=&#8220;4.14.8&#8243; _module_preset=&#8220;default&#8220; text_text_color=&#8220;#2E6164&#8243; text_font_size=&#8220;40px&#8220; header_text_align=&#8220;center&#8220; header_font_size=&#8220;33px&#8220; header_line_height=&#8220;1.4em&#8220; background_enable_color=&#8220;off&#8220; text_orientation=&#8220;center&#8220; max_width=&#8220;800px&#8220; module_alignment=&#8220;center&#8220; custom_margin=&#8220;||20px||false|false&#8220; custom_padding=&#8220;5px|20px|5px|20px|true|true&#8220; text_font_size_phone=&#8220;24px&#8220; custom_css_main_element=&#8220;width:fit-content;&#8220; border_radii=&#8220;on|5px|5px|5px|5px&#8220; global_module=&#8220;164916&#8243; saved_tabs=&#8220;all&#8220; global_colors_info=&#8220;{}&#8220;]<\/p>\n<p><b>Inside Flow Neuling<\/b><\/p>\n<p>[\/et_pb_text][et_pb_text _builder_version=&#8220;4.14.8&#8243; _module_preset=&#8220;default&#8220; text_font_size=&#8220;25px&#8220; text_line_height=&#8220;1.5em&#8220; header_text_align=&#8220;center&#8220; header_font_size=&#8220;25px&#8220; header_line_height=&#8220;1.4em&#8220; text_orientation=&#8220;center&#8220; max_width=&#8220;1000px&#8220; module_alignment=&#8220;center&#8220; custom_margin=&#8220;||50px||false|false&#8220; custom_padding=&#8220;||50px||false|false&#8220; custom_padding_tablet=&#8220;||50px||false|false&#8220; custom_padding_phone=&#8220;||50px||false|false&#8220; custom_padding_last_edited=&#8220;on|phone&#8220; text_font_size_tablet=&#8220;25px&#8220; text_font_size_phone=&#8220;25px&#8220; text_font_size_last_edited=&#8220;on|desktop&#8220; header_font_size_tablet=&#8220;33px&#8220; header_font_size_phone=&#8220;22px&#8220; header_font_size_last_edited=&#8220;on|phone&#8220; border_width_bottom=&#8220;1px&#8220; border_color_bottom=&#8220;#E0D7CA&#8220; global_module=&#8220;164917&#8243; saved_tabs=&#8220;all&#8220; global_colors_info=&#8220;{}&#8220;]<\/p>\n<p>Dies war dein erster Inside Flow oder du \u00fcbst Inside Flow erst seit kurzem. Aber eins ist klar, du bist jetzt schon total ergriffen von Inside Flow und deine Gef\u00fchle flie\u00dfen im Rhythmus der Musik aus deinem K\u00f6rper.<\/p>\n<p>[\/et_pb_text][et_pb_text _builder_version=&#8220;4.14.8&#8243; _module_preset=&#8220;default&#8220; text_font_size=&#8220;20px&#8220; text_orientation=&#8220;center&#8220; max_width=&#8220;750px&#8220; module_alignment=&#8220;center&#8220; global_module=&#8220;164918&#8243; saved_tabs=&#8220;all&#8220; global_colors_info=&#8220;{}&#8220;]<\/p>\n<p><span style=\"font-weight: 400;\">Um es Deinem K\u00f6rper leichter zu machen, sich an die Bewegungen zu erinnern und noch mehr Gef\u00fchle in Deinem Herzen zu sp\u00fcren, hast du folgende M\u00f6glichkeiten:<\/span><\/p>\n<p>[\/et_pb_text][\/et_pb_column][\/et_pb_row][et_pb_row column_structure=&#8220;1_4,1_4,1_4,1_4&#8243; use_custom_gutter=&#8220;on&#8220; gutter_width=&#8220;2&#8243; _builder_version=&#8220;4.14.8&#8243; _module_preset=&#8220;default&#8220; global_colors_info=&#8220;{}&#8220;][et_pb_column type=&#8220;1_4&#8243; _builder_version=&#8220;4.14.8&#8243; _module_preset=&#8220;default&#8220; custom_padding_tablet=&#8220;&#8220; custom_padding_phone=&#8220;||50px||false|false&#8220; custom_padding_last_edited=&#8220;on|phone&#8220; global_colors_info=&#8220;{}&#8220;][et_pb_image src=&#8220;https:\/\/insideyoga.org\/wp-content\/uploads\/2023\/01\/Mitgliedschaft.jpg&#8220; title_text=&#8220;IF Live Trainings&#8220; _builder_version=&#8220;4.14.8&#8243; _module_preset=&#8220;default&#8220; custom_padding=&#8220;||25px||false|false&#8220; border_radii=&#8220;on|10px|10px|10px|10px&#8220; global_module=&#8220;164911&#8243; saved_tabs=&#8220;all&#8220; global_colors_info=&#8220;{}&#8220;][\/et_pb_image][et_pb_text _builder_version=&#8220;4.14.8&#8243; _module_preset=&#8220;default&#8220; header_2_text_align=&#8220;center&#8220; header_2_font_size=&#8220;18px&#8220; custom_margin=&#8220;||10px||false|false&#8220; global_module=&#8220;164913&#8243; saved_tabs=&#8220;all&#8220; global_colors_info=&#8220;{}&#8220;]<\/p>\n<h2>TINT Online Mitgliedschaft<\/h2>\n<p>[\/et_pb_text][et_pb_text _builder_version=&#8220;4.14.8&#8243; _module_preset=&#8220;default&#8220; text_orientation=&#8220;center&#8220; min_height=&#8220;11.5em&#8220; min_height_tablet=&#8220;12em&#8220; min_height_phone=&#8220;0px&#8220; min_height_last_edited=&#8220;on|phone&#8220; custom_padding=&#8220;||15px||false|false&#8220; global_module=&#8220;164914&#8243; saved_tabs=&#8220;all&#8220; global_colors_info=&#8220;{}&#8220;]<\/p>\n<p><span style=\"font-weight: 400;\">Entdecke viele weitere Inside Flows im Rahmen einer Online <\/span><b>TINT-Mitgliedschaft<\/b><span style=\"font-weight: 400;\">.<\/span><\/p>\n<p>Erhalte 20% Rabatt* mit dem Code: <span>FLOWSHOW23<\/span><\/p>\n<p><span style=\"font-size: 14px;\">*Angebot gilt nur f\u00fcr Neukunden<\/span><\/p>\n<p>[\/et_pb_text][et_pb_button button_alignment=&#8220;center&#8220; _builder_version=&#8220;4.14.8&#8243; _module_preset=&#8220;default&#8220; button_text_size=&#8220;16px&#8220; hover_enabled=&#8220;0&#8243; custom_css_main_element=&#8220;width:100%;&#8220; global_module=&#8220;164915&#8243; saved_tabs=&#8220;all&#8220; global_colors_info=&#8220;{}&#8220; sticky_enabled=&#8220;0&#8243; button_url=&#8220;https:\/\/tintyoga.com\/membership\/%20&#8243; button_text=&#8220;Zur Online Mitgliedschaft&#8220;][\/et_pb_button][\/et_pb_column][et_pb_column type=&#8220;1_4&#8243; _builder_version=&#8220;4.14.8&#8243; _module_preset=&#8220;default&#8220; custom_padding_tablet=&#8220;||65px||false|false&#8220; custom_padding_phone=&#8220;||50px||false|false&#8220; custom_padding_last_edited=&#8220;on|tablet&#8220; global_colors_info=&#8220;{}&#8220;][et_pb_image src=&#8220;https:\/\/insideyoga.org\/wp-content\/uploads\/2023\/01\/Kostenfreie-IF-Klasse.jpg&#8220; title_text=&#8220;IF Live Trainings&#8220; _builder_version=&#8220;4.14.8&#8243; _module_preset=&#8220;default&#8220; custom_padding=&#8220;||25px||false|false&#8220; border_radii=&#8220;on|10px|10px|10px|10px&#8220; global_module=&#8220;164911&#8243; saved_tabs=&#8220;all&#8220; global_colors_info=&#8220;{}&#8220;][\/et_pb_image][et_pb_text _builder_version=&#8220;4.14.8&#8243; _module_preset=&#8220;default&#8220; header_2_text_align=&#8220;center&#8220; header_2_font_size=&#8220;18px&#8220; custom_margin=&#8220;||10px||false|false&#8220; global_module=&#8220;164913&#8243; saved_tabs=&#8220;all&#8220; global_colors_info=&#8220;{}&#8220;]<\/p>\n<h2>Kostenfreie Inside Flow-Klasse<\/h2>\n<p>[\/et_pb_text][et_pb_text _builder_version=&#8220;4.14.8&#8243; _module_preset=&#8220;default&#8220; text_orientation=&#8220;center&#8220; min_height=&#8220;11.5em&#8220; min_height_tablet=&#8220;12em&#8220; min_height_phone=&#8220;0px&#8220; min_height_last_edited=&#8220;on|phone&#8220; custom_padding=&#8220;||15px||false|false&#8220; global_module=&#8220;164914&#8243; saved_tabs=&#8220;all&#8220; global_colors_info=&#8220;{}&#8220;]<\/p>\n<p><span style=\"font-weight: 400;\">Du hast Lust Inside Flow nochmal auszuprobieren? <\/span><\/p>\n<p><span style=\"font-weight: 400;\">Eine weitere kostenfreie Inside Flow Klasse kannst du hier bekommen.<\/span><\/p>\n<p>[\/et_pb_text][et_pb_button button_url=&#8220;https:\/\/watch.tintyoga.com\/zen\/inside-flow-live-the-baby-youre-beautiful&#8220; button_text=&#8220;Kostenlose Klasse sichern&#8220; button_alignment=&#8220;center&#8220; _builder_version=&#8220;4.14.8&#8243; _module_preset=&#8220;default&#8220; button_text_size=&#8220;16px&#8220; hover_enabled=&#8220;0&#8243; custom_css_main_element=&#8220;width:100%;&#8220; global_module=&#8220;164915&#8243; saved_tabs=&#8220;all&#8220; global_colors_info=&#8220;{}&#8220; sticky_enabled=&#8220;0&#8243;][\/et_pb_button][\/et_pb_column][et_pb_column type=&#8220;1_4&#8243; _builder_version=&#8220;4.14.8&#8243; _module_preset=&#8220;default&#8220; custom_padding_tablet=&#8220;&#8220; custom_padding_phone=&#8220;||50px||false|false&#8220; custom_padding_last_edited=&#8220;on|phone&#8220; global_colors_info=&#8220;{}&#8220;][et_pb_image src=&#8220;https:\/\/insideyoga.org\/wp-content\/uploads\/2023\/01\/Vor-Ort-ausprobieren.jpg&#8220; title_text=&#8220;IF Live Trainings&#8220; _builder_version=&#8220;4.14.8&#8243; _module_preset=&#8220;default&#8220; custom_padding=&#8220;||25px||false|false&#8220; border_radii=&#8220;on|10px|10px|10px|10px&#8220; global_module=&#8220;164911&#8243; saved_tabs=&#8220;all&#8220; global_colors_info=&#8220;{}&#8220;][\/et_pb_image][et_pb_text _builder_version=&#8220;4.14.8&#8243; _module_preset=&#8220;default&#8220; header_2_text_align=&#8220;center&#8220; header_2_font_size=&#8220;18px&#8220; custom_margin=&#8220;||10px||false|false&#8220; global_module=&#8220;164913&#8243; saved_tabs=&#8220;all&#8220; global_colors_info=&#8220;{}&#8220;]<\/p>\n<h2>Vor Ort erleben<\/h2>\n<p>[\/et_pb_text][et_pb_text _builder_version=&#8220;4.14.8&#8243; _module_preset=&#8220;default&#8220; text_orientation=&#8220;center&#8220; min_height=&#8220;11.5em&#8220; min_height_tablet=&#8220;12em&#8220; min_height_phone=&#8220;0px&#8220; min_height_last_edited=&#8220;on|phone&#8220; custom_padding=&#8220;||15px||false|false&#8220; global_module=&#8220;164914&#8243; saved_tabs=&#8220;all&#8220; global_colors_info=&#8220;{}&#8220;]<\/p>\n<p><span style=\"font-weight: 400;\">Erlebe <\/span><b>Inside Flow live<\/b><span style=\"font-weight: 400;\"> bei Events in deiner N\u00e4he.<\/span><\/p>\n<p>Wir zeigen dir, wo du Inside Flow finden kannst.<\/p>\n<p>[\/et_pb_text][et_pb_button button_alignment=&#8220;center&#8220; _builder_version=&#8220;4.14.8&#8243; _module_preset=&#8220;default&#8220; button_text_size=&#8220;16px&#8220; hover_enabled=&#8220;0&#8243; custom_css_main_element=&#8220;width:100%;&#8220; global_module=&#8220;164915&#8243; saved_tabs=&#8220;all&#8220; global_colors_info=&#8220;{}&#8220; sticky_enabled=&#8220;0&#8243; button_url=&#8220;https:\/\/www.insideyoga.de\/klang-des-herzens\/%20&#8243; button_text=&#8220;Events vor Ort ansehen&#8220;][\/et_pb_button][\/et_pb_column][et_pb_column type=&#8220;1_4&#8243; _builder_version=&#8220;4.14.8&#8243; _module_preset=&#8220;default&#8220; global_colors_info=&#8220;{}&#8220;][et_pb_image src=&#8220;https:\/\/insideyoga.org\/wp-content\/uploads\/2023\/01\/Support.jpg&#8220; title_text=&#8220;IF Live Trainings&#8220; _builder_version=&#8220;4.14.8&#8243; _module_preset=&#8220;default&#8220; custom_padding=&#8220;||25px||false|false&#8220; border_radii=&#8220;on|10px|10px|10px|10px&#8220; global_module=&#8220;164911&#8243; saved_tabs=&#8220;all&#8220; global_colors_info=&#8220;{}&#8220;][\/et_pb_image][et_pb_text _builder_version=&#8220;4.14.8&#8243; _module_preset=&#8220;default&#8220; header_2_text_align=&#8220;center&#8220; header_2_font_size=&#8220;18px&#8220; custom_margin=&#8220;||10px||false|false&#8220; global_module=&#8220;164913&#8243; saved_tabs=&#8220;all&#8220; global_colors_info=&#8220;{}&#8220;]<\/p>\n<h2>Lass dich beraten<\/h2>\n<p>[\/et_pb_text][et_pb_text _builder_version=&#8220;4.14.8&#8243; _module_preset=&#8220;default&#8220; text_orientation=&#8220;center&#8220; min_height=&#8220;11.5em&#8220; min_height_tablet=&#8220;12em&#8220; min_height_phone=&#8220;0px&#8220; min_height_last_edited=&#8220;on|phone&#8220; custom_padding=&#8220;||15px||false|false&#8220; global_module=&#8220;164914&#8243; saved_tabs=&#8220;all&#8220; global_colors_info=&#8220;{}&#8220;]<\/p>\n<p><span style=\"font-weight: 400;\">Du bist dir noch nicht sicher wie, aber m\u00f6chtest auf jeden Fall Inside Flow weiter \u00fcben? <\/span><\/p>\n<p><span style=\"font-weight: 400;\">Dann melde dich bei uns zu einer <\/span><b>kostenlosen Beratung<\/b><span style=\"font-weight: 400;\">.<\/span><\/p>\n<p>[\/et_pb_text][et_pb_button button_alignment=&#8220;center&#8220; _builder_version=&#8220;4.14.8&#8243; _module_preset=&#8220;default&#8220; button_text_size=&#8220;16px&#8220; hover_enabled=&#8220;0&#8243; custom_css_main_element=&#8220;width:100%;&#8220; global_module=&#8220;164915&#8243; saved_tabs=&#8220;all&#8220; global_colors_info=&#8220;{}&#8220; sticky_enabled=&#8220;0&#8243; button_url=&#8220;https:\/\/service.insideyoga.org\/#\/customer\/german&#8220; button_text=&#8220;Zur kostenlosen Beratung&#8220;][\/et_pb_button][\/et_pb_column][\/et_pb_row][et_pb_row column_structure=&#8220;1_3,2_3&#8243; make_equal=&#8220;on&#8220; custom_padding_last_edited=&#8220;on|phone&#8220; _builder_version=&#8220;4.14.8&#8243; _module_preset=&#8220;default&#8220; background_color=&#8220;rgba(224,215,202,0.18)&#8220; custom_margin=&#8220;100px||||false|false&#8220; custom_padding=&#8220;50px|50px|50px|50px|true|true&#8220; custom_padding_tablet=&#8220;50px|50px|50px|50px|true|true&#8220; custom_padding_phone=&#8220;25px|25px|25px|25px|true|true&#8220; custom_css_main_element=&#8220;align-items:center;&#8220; border_radii=&#8220;on|20px|20px|20px|20px&#8220; border_width_all=&#8220;1px&#8220; border_color_all=&#8220;#e0d7ca&#8220; global_module=&#8220;165047&#8243; saved_tabs=&#8220;all&#8220; global_colors_info=&#8220;{}&#8220;][et_pb_column type=&#8220;1_3&#8243; _builder_version=&#8220;4.14.8&#8243; _module_preset=&#8220;default&#8220; global_colors_info=&#8220;{}&#8220;][et_pb_image src=&#8220;https:\/\/insideyoga.org\/wp-content\/uploads\/2023\/01\/Flow-Show-Bonus-ebook-\u2013-Landing-Page-Thumbnail.jpg&#8220; title_text=&#8220;Flow-Show Bonus ebook \u2013 Landing Page Thumbnail&#8220; _builder_version=&#8220;4.14.8&#8243; _module_preset=&#8220;default&#8220; global_colors_info=&#8220;{}&#8220;][\/et_pb_image][\/et_pb_column][et_pb_column type=&#8220;2_3&#8243; _builder_version=&#8220;4.14.8&#8243; _module_preset=&#8220;default&#8220; global_colors_info=&#8220;{}&#8220;][et_pb_text _builder_version=&#8220;4.14.8&#8243; _module_preset=&#8220;default&#8220; text_text_color=&#8220;rgba(0,0,0,0.5)&#8220; text_font_size=&#8220;18px&#8220; custom_margin=&#8220;||20px||false|false&#8220; text_font_size_phone=&#8220;16px&#8220; global_colors_info=&#8220;{}&#8220;]<\/p>\n<p>Dein kostenloses Goodie als Geschenk<\/p>\n<p>[\/et_pb_text][et_pb_text _builder_version=&#8220;4.14.8&#8243; _module_preset=&#8220;default&#8220; header_2_font_size=&#8220;35px&#8220; header_2_font_size_tablet=&#8220;&#8220; header_2_font_size_phone=&#8220;20px&#8220; header_2_font_size_last_edited=&#8220;on|phone&#8220; global_colors_info=&#8220;{}&#8220;]<\/p>\n<h2>Die Top 5 Inside Flow Posen<\/h2>\n<p>[\/et_pb_text][et_pb_button button_url=&#8220;https:\/\/insideyoga.org\/wp-content\/uploads\/2023\/01\/Flow-Show-Bonus-\u2013-Top-5-Inside-Flow-Asanas.pdf&#8220; button_text=&#8220;Hier herunterladen&#8220; button_alignment=&#8220;left&#8220; _builder_version=&#8220;4.14.8&#8243; _module_preset=&#8220;c40c8aee-ddb0-4cd2-8349-3c888ea392e2&#8243; global_colors_info=&#8220;{}&#8220;][\/et_pb_button][\/et_pb_column][\/et_pb_row][\/et_pb_section]<\/p>\n","protected":false},"excerpt":{"rendered":"<p>Dein Inside Flow-Typ: Inside Flow NeulingDies war dein erster Inside Flow oder du \u00fcbst Inside Flow erst seit kurzem. Aber eins ist klar, du bist jetzt schon total ergriffen von Inside Flow und deine Gef\u00fchle flie\u00dfen im Rhythmus der Musik aus deinem K\u00f6rper.Um es Deinem K\u00f6rper leichter zu machen, sich an die Bewegungen zu erinnern [&hellip;]<\/p>\n","protected":false},"author":1,"featured_media":0,"parent":0,"menu_order":0,"comment_status":"closed","ping_status":"closed","template":"","meta":{"_acf_changed":false,"_et_pb_use_builder":"on","_et_pb_old_content":"","_et_gb_content_width":"","footnotes":""},"class_list":["post-165042","page","type-page","status-publish","hentry"],"acf":[],"yoast_head":"<!-- This site is optimized with the Yoast SEO plugin v27.3 - https:\/\/yoast.com\/product\/yoast-seo-wordpress\/ -->\n<title>Inside Flow Neuling - insideyoga.org<\/title>\n<meta name=\"description\" content=\"Dein Ergebnis: Inside Flow Neuling - Dies war dein erster Inside Flow oder du \u00fcbst Inside Flow erst seit kurzem.\" \/>\n<meta name=\"robots\" content=\"index, follow, max-snippet:-1, max-image-preview:large, max-video-preview:-1\" \/>\n<link rel=\"canonical\" href=\"https:\/\/insideyoga.org\/neuling\/\" \/>\n<meta property=\"og:locale\" content=\"de_DE\" \/>\n<meta property=\"og:type\" content=\"article\" \/>\n<meta property=\"og:title\" content=\"Inside Flow Neuling - insideyoga.org\" \/>\n<meta property=\"og:description\" content=\"Dein Ergebnis: Inside Flow Neuling - Dies war dein erster Inside Flow oder du \u00fcbst Inside Flow erst seit kurzem.\" \/>\n<meta property=\"og:url\" content=\"https:\/\/insideyoga.org\/neuling\/\" \/>\n<meta property=\"og:site_name\" content=\"insideyoga.org\" \/>\n<meta property=\"article:modified_time\" content=\"2023-01-24T14:13:41+00:00\" \/>\n<meta property=\"og:image\" content=\"https:\/\/insideyoga.org\/wp-content\/uploads\/2022\/10\/insideyoga-org-meta1.jpg\" \/>\n\t<meta property=\"og:image:width\" content=\"800\" \/>\n\t<meta property=\"og:image:height\" content=\"500\" \/>\n\t<meta property=\"og:image:type\" content=\"image\/jpeg\" \/>\n<meta name=\"twitter:card\" content=\"summary_large_image\" \/>\n<meta name=\"twitter:label1\" content=\"Gesch\u00e4tzte Lesezeit\" \/>\n\t<meta name=\"twitter:data1\" content=\"3\u00a0Minuten\" \/>\n<script type=\"application\/ld+json\" class=\"yoast-schema-graph\">{\"@context\":\"https:\\\/\\\/schema.org\",\"@graph\":[{\"@type\":\"WebPage\",\"@id\":\"https:\\\/\\\/insideyoga.org\\\/neuling\\\/\",\"url\":\"https:\\\/\\\/insideyoga.org\\\/neuling\\\/\",\"name\":\"Inside Flow Neuling - insideyoga.org\",\"isPartOf\":{\"@id\":\"https:\\\/\\\/insideyoga.org\\\/#website\"},\"datePublished\":\"2023-01-23T14:29:04+00:00\",\"dateModified\":\"2023-01-24T14:13:41+00:00\",\"description\":\"Dein Ergebnis: Inside Flow Neuling - Dies war dein erster Inside Flow oder du \u00fcbst Inside Flow erst seit kurzem.\",\"breadcrumb\":{\"@id\":\"https:\\\/\\\/insideyoga.org\\\/neuling\\\/#breadcrumb\"},\"inLanguage\":\"de\",\"potentialAction\":[{\"@type\":\"ReadAction\",\"target\":[\"https:\\\/\\\/insideyoga.org\\\/neuling\\\/\"]}]},{\"@type\":\"BreadcrumbList\",\"@id\":\"https:\\\/\\\/insideyoga.org\\\/neuling\\\/#breadcrumb\",\"itemListElement\":[{\"@type\":\"ListItem\",\"position\":1,\"name\":\"Home\",\"item\":\"https:\\\/\\\/insideyoga.org\\\/de\\\/\"},{\"@type\":\"ListItem\",\"position\":2,\"name\":\"Neuling\"}]},{\"@type\":\"WebSite\",\"@id\":\"https:\\\/\\\/insideyoga.org\\\/#website\",\"url\":\"https:\\\/\\\/insideyoga.org\\\/\",\"name\":\"insideyoga.org\",\"description\":\"The home of Inside Yoga &amp; Inside Flow\",\"publisher\":{\"@id\":\"https:\\\/\\\/insideyoga.org\\\/#organization\"},\"potentialAction\":[{\"@type\":\"SearchAction\",\"target\":{\"@type\":\"EntryPoint\",\"urlTemplate\":\"https:\\\/\\\/insideyoga.org\\\/?s={search_term_string}\"},\"query-input\":{\"@type\":\"PropertyValueSpecification\",\"valueRequired\":true,\"valueName\":\"search_term_string\"}}],\"inLanguage\":\"de\"},{\"@type\":\"Organization\",\"@id\":\"https:\\\/\\\/insideyoga.org\\\/#organization\",\"name\":\"insideyoga.org\",\"url\":\"https:\\\/\\\/insideyoga.org\\\/\",\"logo\":{\"@type\":\"ImageObject\",\"inLanguage\":\"de\",\"@id\":\"https:\\\/\\\/insideyoga.org\\\/#\\\/schema\\\/logo\\\/image\\\/\",\"url\":\"https:\\\/\\\/insideyoga.org\\\/wp-content\\\/uploads\\\/2022\\\/10\\\/insideyoga-org-meta1.jpg\",\"contentUrl\":\"https:\\\/\\\/insideyoga.org\\\/wp-content\\\/uploads\\\/2022\\\/10\\\/insideyoga-org-meta1.jpg\",\"width\":800,\"height\":500,\"caption\":\"insideyoga.org\"},\"image\":{\"@id\":\"https:\\\/\\\/insideyoga.org\\\/#\\\/schema\\\/logo\\\/image\\\/\"}}]}<\/script>\n<!-- \/ Yoast SEO plugin. -->","yoast_head_json":{"title":"Inside Flow Neuling - insideyoga.org","description":"Dein Ergebnis: Inside Flow Neuling - Dies war dein erster Inside Flow oder du \u00fcbst Inside Flow erst seit kurzem.","robots":{"index":"index","follow":"follow","max-snippet":"max-snippet:-1","max-image-preview":"max-image-preview:large","max-video-preview":"max-video-preview:-1"},"canonical":"https:\/\/insideyoga.org\/neuling\/","og_locale":"de_DE","og_type":"article","og_title":"Inside Flow Neuling - insideyoga.org","og_description":"Dein Ergebnis: Inside Flow Neuling - Dies war dein erster Inside Flow oder du \u00fcbst Inside Flow erst seit kurzem.","og_url":"https:\/\/insideyoga.org\/neuling\/","og_site_name":"insideyoga.org","article_modified_time":"2023-01-24T14:13:41+00:00","og_image":[{"width":800,"height":500,"url":"https:\/\/insideyoga.org\/wp-content\/uploads\/2022\/10\/insideyoga-org-meta1.jpg","type":"image\/jpeg"}],"twitter_card":"summary_large_image","twitter_misc":{"Gesch\u00e4tzte Lesezeit":"3\u00a0Minuten"},"schema":{"@context":"https:\/\/schema.org","@graph":[{"@type":"WebPage","@id":"https:\/\/insideyoga.org\/neuling\/","url":"https:\/\/insideyoga.org\/neuling\/","name":"Inside Flow Neuling - insideyoga.org","isPartOf":{"@id":"https:\/\/insideyoga.org\/#website"},"datePublished":"2023-01-23T14:29:04+00:00","dateModified":"2023-01-24T14:13:41+00:00","description":"Dein Ergebnis: Inside Flow Neuling - Dies war dein erster Inside Flow oder du \u00fcbst Inside Flow erst seit kurzem.","breadcrumb":{"@id":"https:\/\/insideyoga.org\/neuling\/#breadcrumb"},"inLanguage":"de","potentialAction":[{"@type":"ReadAction","target":["https:\/\/insideyoga.org\/neuling\/"]}]},{"@type":"BreadcrumbList","@id":"https:\/\/insideyoga.org\/neuling\/#breadcrumb","itemListElement":[{"@type":"ListItem","position":1,"name":"Home","item":"https:\/\/insideyoga.org\/de\/"},{"@type":"ListItem","position":2,"name":"Neuling"}]},{"@type":"WebSite","@id":"https:\/\/insideyoga.org\/#website","url":"https:\/\/insideyoga.org\/","name":"insideyoga.org","description":"The home of Inside Yoga &amp; Inside Flow","publisher":{"@id":"https:\/\/insideyoga.org\/#organization"},"potentialAction":[{"@type":"SearchAction","target":{"@type":"EntryPoint","urlTemplate":"https:\/\/insideyoga.org\/?s={search_term_string}"},"query-input":{"@type":"PropertyValueSpecification","valueRequired":true,"valueName":"search_term_string"}}],"inLanguage":"de"},{"@type":"Organization","@id":"https:\/\/insideyoga.org\/#organization","name":"insideyoga.org","url":"https:\/\/insideyoga.org\/","logo":{"@type":"ImageObject","inLanguage":"de","@id":"https:\/\/insideyoga.org\/#\/schema\/logo\/image\/","url":"https:\/\/insideyoga.org\/wp-content\/uploads\/2022\/10\/insideyoga-org-meta1.jpg","contentUrl":"https:\/\/insideyoga.org\/wp-content\/uploads\/2022\/10\/insideyoga-org-meta1.jpg","width":800,"height":500,"caption":"insideyoga.org"},"image":{"@id":"https:\/\/insideyoga.org\/#\/schema\/logo\/image\/"}}]}},"_links":{"self":[{"href":"https:\/\/insideyoga.org\/de\/wp-json\/wp\/v2\/pages\/165042","targetHints":{"allow":["GET"]}}],"collection":[{"href":"https:\/\/insideyoga.org\/de\/wp-json\/wp\/v2\/pages"}],"about":[{"href":"https:\/\/insideyoga.org\/de\/wp-json\/wp\/v2\/types\/page"}],"author":[{"embeddable":true,"href":"https:\/\/insideyoga.org\/de\/wp-json\/wp\/v2\/users\/1"}],"replies":[{"embeddable":true,"href":"https:\/\/insideyoga.org\/de\/wp-json\/wp\/v2\/comments?post=165042"}],"version-history":[{"count":7,"href":"https:\/\/insideyoga.org\/de\/wp-json\/wp\/v2\/pages\/165042\/revisions"}],"predecessor-version":[{"id":165134,"href":"https:\/\/insideyoga.org\/de\/wp-json\/wp\/v2\/pages\/165042\/revisions\/165134"}],"wp:attachment":[{"href":"https:\/\/insideyoga.org\/de\/wp-json\/wp\/v2\/media?parent=165042"}],"curies":[{"name":"wp","href":"https:\/\/api.w.org\/{rel}","templated":true}]}}