{"id":5125,"date":"2022-07-13T11:53:10","date_gmt":"2022-07-13T11:53:10","guid":{"rendered":"https:\/\/insideyoga.org\/level-3-expert-teacher\/"},"modified":"2022-09-13T11:58:29","modified_gmt":"2022-09-13T11:58:29","slug":"level-3-expert-teacher","status":"publish","type":"page","link":"https:\/\/insideyoga.org\/de\/level-3-expert-teacher\/","title":{"rendered":"Level 3 &#8211; Expert Teacher"},"content":{"rendered":"<p>[et_pb_section fb_built=&#8220;1&#8243; _builder_version=&#8220;4.14.8&#8243; _module_preset=&#8220;3f11ada8-634d-4ff9-8ae3-2313fe8a6313&#8243; custom_padding=&#8220;0px||75px||false|false&#8220; global_colors_info=&#8220;{}&#8220;][et_pb_row _builder_version=&#8220;4.14.8&#8243; _module_preset=&#8220;default&#8220; global_colors_info=&#8220;{}&#8220;][et_pb_column type=&#8220;4_4&#8243; _builder_version=&#8220;4.14.8&#8243; _module_preset=&#8220;default&#8220; global_colors_info=&#8220;{}&#8220;][et_pb_text _builder_version=&#8220;4.14.8&#8243; _module_preset=&#8220;df264627-538d-4d0d-9e52-aa9bdcf53d65&#8243; header_3_text_align=&#8220;center&#8220; custom_margin=&#8220;||59px|||&#8220; global_colors_info=&#8220;{}&#8220;]<\/p>\n<h3>Was ist ein Inside Yoga <span style=\"font-weight: 500;\" class=\"underline\">Expert Teacher<\/span><\/h3>\n<p>[\/et_pb_text][et_pb_text module_class=&#8220;pa-bullet-list-1 font-normal&#8220; _builder_version=&#8220;4.14.8&#8243; _module_preset=&#8220;default&#8220; text_font_size=&#8220;18px&#8220; max_width=&#8220;42%&#8220; max_width_tablet=&#8220;80%&#8220; max_width_phone=&#8220;90%&#8220; max_width_last_edited=&#8220;on|phone&#8220; module_alignment=&#8220;center&#8220; custom_margin=&#8220;||0px||false|false&#8220; custom_padding=&#8220;||0px||false|false&#8220; global_colors_info=&#8220;{}&#8220;]<\/p>\n<ul>\n<li><span style=\"font-weight: 400;\">Jede Person kann sich theoretisch selbst als Yogalehrer:in bezeichnen. Doch das Inside Yoga Zertifikat ist eine echte Errungenschaft. Halte es mit Stolz.<\/span><\/li>\n<li><span style=\"font-weight: 400;\">Das Inside Yoga Teacher-Zertifikat steht f\u00fcr qualitativ hochwertigen Unterricht und wissenschaftlich fundiertes Wissen \u00fcber Yoga und den menschlichen K\u00f6rper.<\/span><\/li>\n<li><span style=\"font-weight: 400;\">Dieses Bild von Inside Yoga wird die Sch\u00fcler:innen anziehen, die du dir erhoffst und dir dabei helfen, als Yogalehrer:in ein erfolgreiches Business aufzubauen.<\/span><\/li>\n<\/ul>\n<p>[\/et_pb_text][\/et_pb_column][\/et_pb_row][\/et_pb_section][et_pb_section fb_built=&#8220;1&#8243; _builder_version=&#8220;4.14.8&#8243; _module_preset=&#8220;3f11ada8-634d-4ff9-8ae3-2313fe8a6313&#8243; global_colors_info=&#8220;{}&#8220;][et_pb_row _builder_version=&#8220;4.14.8&#8243; _module_preset=&#8220;default&#8220; global_colors_info=&#8220;{}&#8220;][et_pb_column type=&#8220;4_4&#8243; _builder_version=&#8220;4.14.8&#8243; _module_preset=&#8220;default&#8220; global_colors_info=&#8220;{}&#8220;][et_pb_text _builder_version=&#8220;4.14.8&#8243; _module_preset=&#8220;df264627-538d-4d0d-9e52-aa9bdcf53d65&#8243; header_3_text_align=&#8220;center&#8220; custom_margin=&#8220;||59px|||&#8220; global_colors_info=&#8220;{}&#8220;]<\/p>\n<h3>Was sind die <span style=\"font-weight: 500;\" class=\"underline\">Voraussetzungen<\/span><\/h3>\n<p>[\/et_pb_text][et_pb_text module_class=&#8220;pa-bullet-list-1 font-normal&#8220; _builder_version=&#8220;4.14.8&#8243; _module_preset=&#8220;default&#8220; text_font_size=&#8220;18px&#8220; max_width=&#8220;42%&#8220; max_width_tablet=&#8220;80%&#8220; max_width_phone=&#8220;90%&#8220; max_width_last_edited=&#8220;on|phone&#8220; module_alignment=&#8220;center&#8220; custom_margin=&#8220;||0px||false|false&#8220; custom_padding=&#8220;||0px||false|false&#8220; global_colors_info=&#8220;{}&#8220;]<\/p>\n<ul>\n<li><span style=\"font-weight: 400;\">Jede Person kann sich theoretisch selbst als Yogalehrer:in bezeichnen. Doch das Inside Yoga Zertifikat ist eine echte Errungenschaft. Halte es mit Stolz.<\/span><\/li>\n<li><span style=\"font-weight: 400;\">Das Inside Yoga Teacher-Zertifikat steht f\u00fcr qualitativ hochwertigen Unterricht und wissenschaftlich fundiertes Wissen \u00fcber Yoga und den menschlichen K\u00f6rper.<\/span><\/li>\n<li><span style=\"font-weight: 400;\">Dieses Bild von Inside Yoga wird die Sch\u00fcler:innen anziehen, die du dir erhoffst und dir dabei helfen, als Yogalehrer:in ein erfolgreiches Business aufzubauen.<\/span><\/li>\n<\/ul>\n<p>[\/et_pb_text][\/et_pb_column][\/et_pb_row][\/et_pb_section]<\/p>\n","protected":false},"excerpt":{"rendered":"<p>Was ist ein Inside Yoga Expert Teacher Jede Person kann sich theoretisch selbst als Yogalehrer:in bezeichnen. Doch das Inside Yoga Zertifikat ist eine echte Errungenschaft. Halte es mit Stolz. Das Inside Yoga Teacher-Zertifikat steht f\u00fcr qualitativ hochwertigen Unterricht und wissenschaftlich fundiertes Wissen \u00fcber Yoga und den menschlichen K\u00f6rper. Dieses Bild von Inside Yoga wird die [&hellip;]<\/p>\n","protected":false},"author":1,"featured_media":4900,"parent":0,"menu_order":0,"comment_status":"closed","ping_status":"closed","template":"","meta":{"_acf_changed":false,"_et_pb_use_builder":"on","_et_pb_old_content":"","_et_gb_content_width":"","footnotes":""},"class_list":["post-5125","page","type-page","status-publish","has-post-thumbnail","hentry"],"acf":[],"yoast_head":"<!-- This site is optimized with the Yoast SEO plugin v24.7 - https:\/\/yoast.com\/wordpress\/plugins\/seo\/ -->\n<title>Level 3 - Expert Teacher - insideyoga.org<\/title>\n<meta name=\"robots\" content=\"index, follow, max-snippet:-1, max-image-preview:large, max-video-preview:-1\" \/>\n<link rel=\"canonical\" href=\"https:\/\/insideyoga.org\/de\/level-3-expert-teacher\/\" \/>\n<meta property=\"og:locale\" content=\"de_DE\" \/>\n<meta property=\"og:type\" content=\"article\" \/>\n<meta property=\"og:title\" content=\"Level 3 - Expert Teacher - insideyoga.org\" \/>\n<meta property=\"og:description\" content=\"Was ist ein Inside Yoga Expert Teacher Jede Person kann sich theoretisch selbst als Yogalehrer:in bezeichnen. Doch das Inside Yoga Zertifikat ist eine echte Errungenschaft. Halte es mit Stolz. Das Inside Yoga Teacher-Zertifikat steht f\u00fcr qualitativ hochwertigen Unterricht und wissenschaftlich fundiertes Wissen \u00fcber Yoga und den menschlichen K\u00f6rper. Dieses Bild von Inside Yoga wird die [&hellip;]\" \/>\n<meta property=\"og:url\" content=\"https:\/\/insideyoga.org\/de\/level-3-expert-teacher\/\" \/>\n<meta property=\"og:site_name\" content=\"insideyoga.org\" \/>\n<meta property=\"article:modified_time\" content=\"2022-09-13T11:58:29+00:00\" \/>\n<meta property=\"og:image\" content=\"https:\/\/insideyoga.org\/wp-content\/uploads\/2022\/07\/Hero-Expert.png\" \/>\n\t<meta property=\"og:image:width\" content=\"740\" \/>\n\t<meta property=\"og:image:height\" content=\"525\" \/>\n\t<meta property=\"og:image:type\" content=\"image\/png\" \/>\n<meta name=\"twitter:card\" content=\"summary_large_image\" \/>\n<meta name=\"twitter:label1\" content=\"Gesch\u00e4tzte Lesezeit\" \/>\n\t<meta name=\"twitter:data1\" content=\"2\u00a0Minuten\" \/>\n<script type=\"application\/ld+json\" class=\"yoast-schema-graph\">{\"@context\":\"https:\/\/schema.org\",\"@graph\":[{\"@type\":\"WebPage\",\"@id\":\"https:\/\/insideyoga.org\/de\/level-3-expert-teacher\/\",\"url\":\"https:\/\/insideyoga.org\/de\/level-3-expert-teacher\/\",\"name\":\"Level 3 - Expert Teacher - insideyoga.org\",\"isPartOf\":{\"@id\":\"https:\/\/insideyoga.org\/#website\"},\"primaryImageOfPage\":{\"@id\":\"https:\/\/insideyoga.org\/de\/level-3-expert-teacher\/#primaryimage\"},\"image\":{\"@id\":\"https:\/\/insideyoga.org\/de\/level-3-expert-teacher\/#primaryimage\"},\"thumbnailUrl\":\"https:\/\/insideyoga.org\/wp-content\/uploads\/2022\/07\/Hero-Expert.png\",\"datePublished\":\"2022-07-13T11:53:10+00:00\",\"dateModified\":\"2022-09-13T11:58:29+00:00\",\"breadcrumb\":{\"@id\":\"https:\/\/insideyoga.org\/de\/level-3-expert-teacher\/#breadcrumb\"},\"inLanguage\":\"de\",\"potentialAction\":[{\"@type\":\"ReadAction\",\"target\":[\"https:\/\/insideyoga.org\/de\/level-3-expert-teacher\/\"]}]},{\"@type\":\"ImageObject\",\"inLanguage\":\"de\",\"@id\":\"https:\/\/insideyoga.org\/de\/level-3-expert-teacher\/#primaryimage\",\"url\":\"https:\/\/insideyoga.org\/wp-content\/uploads\/2022\/07\/Hero-Expert.png\",\"contentUrl\":\"https:\/\/insideyoga.org\/wp-content\/uploads\/2022\/07\/Hero-Expert.png\",\"width\":740,\"height\":525},{\"@type\":\"BreadcrumbList\",\"@id\":\"https:\/\/insideyoga.org\/de\/level-3-expert-teacher\/#breadcrumb\",\"itemListElement\":[{\"@type\":\"ListItem\",\"position\":1,\"name\":\"Home\",\"item\":\"https:\/\/insideyoga.org\/\"},{\"@type\":\"ListItem\",\"position\":2,\"name\":\"Level 3 &#8211; Expert Teacher\"}]},{\"@type\":\"WebSite\",\"@id\":\"https:\/\/insideyoga.org\/#website\",\"url\":\"https:\/\/insideyoga.org\/\",\"name\":\"insideyoga.org\",\"description\":\"The home of Inside Yoga &amp; Inside Flow\",\"publisher\":{\"@id\":\"https:\/\/insideyoga.org\/#organization\"},\"potentialAction\":[{\"@type\":\"SearchAction\",\"target\":{\"@type\":\"EntryPoint\",\"urlTemplate\":\"https:\/\/insideyoga.org\/?s={search_term_string}\"},\"query-input\":{\"@type\":\"PropertyValueSpecification\",\"valueRequired\":true,\"valueName\":\"search_term_string\"}}],\"inLanguage\":\"de\"},{\"@type\":\"Organization\",\"@id\":\"https:\/\/insideyoga.org\/#organization\",\"name\":\"insideyoga.org\",\"url\":\"https:\/\/insideyoga.org\/\",\"logo\":{\"@type\":\"ImageObject\",\"inLanguage\":\"de\",\"@id\":\"https:\/\/insideyoga.org\/#\/schema\/logo\/image\/\",\"url\":\"https:\/\/insideyoga.org\/wp-content\/uploads\/2022\/10\/insideyoga-org-meta1.jpg\",\"contentUrl\":\"https:\/\/insideyoga.org\/wp-content\/uploads\/2022\/10\/insideyoga-org-meta1.jpg\",\"width\":800,\"height\":500,\"caption\":\"insideyoga.org\"},\"image\":{\"@id\":\"https:\/\/insideyoga.org\/#\/schema\/logo\/image\/\"}}]}<\/script>\n<!-- \/ Yoast SEO plugin. -->","yoast_head_json":{"title":"Level 3 - Expert Teacher - insideyoga.org","robots":{"index":"index","follow":"follow","max-snippet":"max-snippet:-1","max-image-preview":"max-image-preview:large","max-video-preview":"max-video-preview:-1"},"canonical":"https:\/\/insideyoga.org\/de\/level-3-expert-teacher\/","og_locale":"de_DE","og_type":"article","og_title":"Level 3 - Expert Teacher - insideyoga.org","og_description":"Was ist ein Inside Yoga Expert Teacher Jede Person kann sich theoretisch selbst als Yogalehrer:in bezeichnen. Doch das Inside Yoga Zertifikat ist eine echte Errungenschaft. Halte es mit Stolz. Das Inside Yoga Teacher-Zertifikat steht f\u00fcr qualitativ hochwertigen Unterricht und wissenschaftlich fundiertes Wissen \u00fcber Yoga und den menschlichen K\u00f6rper. Dieses Bild von Inside Yoga wird die [&hellip;]","og_url":"https:\/\/insideyoga.org\/de\/level-3-expert-teacher\/","og_site_name":"insideyoga.org","article_modified_time":"2022-09-13T11:58:29+00:00","og_image":[{"width":740,"height":525,"url":"https:\/\/insideyoga.org\/wp-content\/uploads\/2022\/07\/Hero-Expert.png","type":"image\/png"}],"twitter_card":"summary_large_image","twitter_misc":{"Gesch\u00e4tzte Lesezeit":"2\u00a0Minuten"},"schema":{"@context":"https:\/\/schema.org","@graph":[{"@type":"WebPage","@id":"https:\/\/insideyoga.org\/de\/level-3-expert-teacher\/","url":"https:\/\/insideyoga.org\/de\/level-3-expert-teacher\/","name":"Level 3 - Expert Teacher - insideyoga.org","isPartOf":{"@id":"https:\/\/insideyoga.org\/#website"},"primaryImageOfPage":{"@id":"https:\/\/insideyoga.org\/de\/level-3-expert-teacher\/#primaryimage"},"image":{"@id":"https:\/\/insideyoga.org\/de\/level-3-expert-teacher\/#primaryimage"},"thumbnailUrl":"https:\/\/insideyoga.org\/wp-content\/uploads\/2022\/07\/Hero-Expert.png","datePublished":"2022-07-13T11:53:10+00:00","dateModified":"2022-09-13T11:58:29+00:00","breadcrumb":{"@id":"https:\/\/insideyoga.org\/de\/level-3-expert-teacher\/#breadcrumb"},"inLanguage":"de","potentialAction":[{"@type":"ReadAction","target":["https:\/\/insideyoga.org\/de\/level-3-expert-teacher\/"]}]},{"@type":"ImageObject","inLanguage":"de","@id":"https:\/\/insideyoga.org\/de\/level-3-expert-teacher\/#primaryimage","url":"https:\/\/insideyoga.org\/wp-content\/uploads\/2022\/07\/Hero-Expert.png","contentUrl":"https:\/\/insideyoga.org\/wp-content\/uploads\/2022\/07\/Hero-Expert.png","width":740,"height":525},{"@type":"BreadcrumbList","@id":"https:\/\/insideyoga.org\/de\/level-3-expert-teacher\/#breadcrumb","itemListElement":[{"@type":"ListItem","position":1,"name":"Home","item":"https:\/\/insideyoga.org\/"},{"@type":"ListItem","position":2,"name":"Level 3 &#8211; Expert Teacher"}]},{"@type":"WebSite","@id":"https:\/\/insideyoga.org\/#website","url":"https:\/\/insideyoga.org\/","name":"insideyoga.org","description":"The home of Inside Yoga &amp; Inside Flow","publisher":{"@id":"https:\/\/insideyoga.org\/#organization"},"potentialAction":[{"@type":"SearchAction","target":{"@type":"EntryPoint","urlTemplate":"https:\/\/insideyoga.org\/?s={search_term_string}"},"query-input":{"@type":"PropertyValueSpecification","valueRequired":true,"valueName":"search_term_string"}}],"inLanguage":"de"},{"@type":"Organization","@id":"https:\/\/insideyoga.org\/#organization","name":"insideyoga.org","url":"https:\/\/insideyoga.org\/","logo":{"@type":"ImageObject","inLanguage":"de","@id":"https:\/\/insideyoga.org\/#\/schema\/logo\/image\/","url":"https:\/\/insideyoga.org\/wp-content\/uploads\/2022\/10\/insideyoga-org-meta1.jpg","contentUrl":"https:\/\/insideyoga.org\/wp-content\/uploads\/2022\/10\/insideyoga-org-meta1.jpg","width":800,"height":500,"caption":"insideyoga.org"},"image":{"@id":"https:\/\/insideyoga.org\/#\/schema\/logo\/image\/"}}]}},"_links":{"self":[{"href":"https:\/\/insideyoga.org\/de\/wp-json\/wp\/v2\/pages\/5125","targetHints":{"allow":["GET"]}}],"collection":[{"href":"https:\/\/insideyoga.org\/de\/wp-json\/wp\/v2\/pages"}],"about":[{"href":"https:\/\/insideyoga.org\/de\/wp-json\/wp\/v2\/types\/page"}],"author":[{"embeddable":true,"href":"https:\/\/insideyoga.org\/de\/wp-json\/wp\/v2\/users\/1"}],"replies":[{"embeddable":true,"href":"https:\/\/insideyoga.org\/de\/wp-json\/wp\/v2\/comments?post=5125"}],"version-history":[{"count":23,"href":"https:\/\/insideyoga.org\/de\/wp-json\/wp\/v2\/pages\/5125\/revisions"}],"predecessor-version":[{"id":5353,"href":"https:\/\/insideyoga.org\/de\/wp-json\/wp\/v2\/pages\/5125\/revisions\/5353"}],"wp:featuredmedia":[{"embeddable":true,"href":"https:\/\/insideyoga.org\/de\/wp-json\/wp\/v2\/media\/4900"}],"wp:attachment":[{"href":"https:\/\/insideyoga.org\/de\/wp-json\/wp\/v2\/media?parent=5125"}],"curies":[{"name":"wp","href":"https:\/\/api.w.org\/{rel}","templated":true}]}}