{"id":5188,"date":"2022-03-27T22:19:11","date_gmt":"2022-03-27T22:19:11","guid":{"rendered":"https:\/\/insideyoga.org\/level-1-certified-inside-yoga-teacher\/"},"modified":"2022-08-24T12:21:46","modified_gmt":"2022-08-24T12:21:46","slug":"level-1-certified-inside-yoga-teacher","status":"publish","type":"page","link":"https:\/\/insideyoga.org\/de\/level-1-certified-inside-yoga-teacher\/","title":{"rendered":"Level 1 &#8211; Certified Inside Yoga Teacher"},"content":{"rendered":"\n[et_pb_section fb_built=&#8220;1&#8243; _builder_version=&#8220;4.14.8&#8243; _module_preset=&#8220;3f11ada8-634d-4ff9-8ae3-2313fe8a6313&#8243; global_colors_info=&#8220;{}&#8220;][et_pb_row _builder_version=&#8220;4.14.8&#8243; _module_preset=&#8220;default&#8220; custom_margin=&#8220;||75px||false|false&#8220; hover_enabled=&#8220;0&#8243; global_colors_info=&#8220;{}&#8220; sticky_enabled=&#8220;0&#8243;][et_pb_column type=&#8220;4_4&#8243; _builder_version=&#8220;4.14.8&#8243; _module_preset=&#8220;default&#8220; global_colors_info=&#8220;{}&#8220;][et_pb_text _builder_version=&#8220;4.14.8&#8243; _module_preset=&#8220;df264627-538d-4d0d-9e52-aa9bdcf53d65&#8243; header_3_text_align=&#8220;center&#8220; custom_margin=&#8220;||27px|||&#8220; hover_enabled=&#8220;0&#8243; global_colors_info=&#8220;{}&#8220; sticky_enabled=&#8220;0&#8243;]<h3>Wie du ein <span style=\"font-weight: 500;\" class=\"underline\">Certified Teacher<\/span> wirst<\/h3>[\/et_pb_text][et_pb_text _builder_version=&#8220;4.14.8&#8243; _module_preset=&#8220;default&#8220; text_font_size=&#8220;22px&#8220; text_line_height=&#8220;1.8em&#8220; text_orientation=&#8220;center&#8220; max_width=&#8220;750px&#8220; max_width_tablet=&#8220;80%&#8220; max_width_phone=&#8220;100%&#8220; max_width_last_edited=&#8220;on|phone&#8220; module_alignment=&#8220;center&#8220; global_colors_info=&#8220;{}&#8220;]<p><span style=\"font-weight: 400;\">Es gibt verschiedene Wege, die zu deinem Inside Yoga Zertifikat f\u00fchren. Du kannst dich zwischen Online und Offline Trainings entscheiden:<\/span><\/p>[\/et_pb_text][\/et_pb_column][\/et_pb_row][et_pb_row column_structure=&#8220;1_3,1_3,1_3&#8243; make_equal=&#8220;on&#8220; _builder_version=&#8220;4.14.8&#8243; _module_preset=&#8220;default&#8220; module_alignment=&#8220;center&#8220; custom_margin=&#8220;60px|auto||auto||&#8220; hover_enabled=&#8220;0&#8243; global_colors_info=&#8220;{}&#8220; sticky_enabled=&#8220;0&#8243;][et_pb_column type=&#8220;1_3&#8243; _builder_version=&#8220;4.14.8&#8243; _module_preset=&#8220;default&#8220; custom_padding=&#8220;|||100px|false|false&#8220; custom_padding_tablet=&#8220;||50px|100px|false|false&#8220; custom_padding_phone=&#8220;|50px||50px|false|false&#8220; custom_padding_last_edited=&#8220;on|phone&#8220; hover_enabled=&#8220;0&#8243; global_colors_info=&#8220;{}&#8220; sticky_enabled=&#8220;0&#8243;][et_pb_code _builder_version=&#8220;4.14.8&#8243; _module_preset=&#8220;default&#8220; text_orientation=&#8220;left&#8220; global_colors_info=&#8220;{}&#8220;] <i class=\"fa-duotone fa-screen-users\" style=\"font-size: 4em; color: #E0D7CA;\"><\/i>[\/et_pb_code][et_pb_code _builder_version=&#8220;4.14.8&#8243; _module_preset=&#8220;default&#8220; transform_translate=&#8220;80px|0px&#8220; transform_translate_linked=&#8220;off&#8220; positioning=&#8220;absolute&#8220; position_origin_a=&#8220;top_right&#8220; horizontal_offset=&#8220;-200px&#8220; text_orientation=&#8220;left&#8220; width=&#8220;100%&#8220; global_colors_info=&#8220;{}&#8220;]<i class=\"fa-solid fa-arrow-right-long\" style=\"font-size: 4em; color: #E0D7CA;\"><\/i>[\/et_pb_code][et_pb_text _builder_version=&#8220;4.14.8&#8243; _module_preset=&#8220;df264627-538d-4d0d-9e52-aa9bdcf53d65&#8243; header_3_font_size=&#8220;25px&#8220; custom_margin=&#8220;||20px|||&#8220; global_colors_info=&#8220;{}&#8220;]<h3>Schritt 1<\/h3>[\/et_pb_text][et_pb_text _builder_version=&#8220;4.14.8&#8243; _module_preset=&#8220;default&#8220; text_text_color=&#8220;#201c1c&#8220; text_font_size=&#8220;18px&#8220; global_colors_info=&#8220;{}&#8220;]<p>Nimm an einem Inside Yoga 200h Training (Offline or Online) teil<\/p>[\/et_pb_text][et_pb_divider color=&#8220;#E0D7CA&#8220; divider_position=&#8220;center&#8220; divider_weight=&#8220;1px&#8220; _builder_version=&#8220;4.14.8&#8243; _module_preset=&#8220;default&#8220; max_width=&#8220;65%&#8220; global_colors_info=&#8220;{}&#8220;][\/et_pb_divider][et_pb_button button_text=&#8220;Finde dein Offline Training&#8220; _builder_version=&#8220;4.14.8&#8243; _module_preset=&#8220;09295174-ca0b-47a4-aa9b-be12e6e711e0&#8243; global_colors_info=&#8220;{}&#8220; custom_css_main_element__hover_enabled=&#8220;on|hover&#8220;][\/et_pb_button][et_pb_button button_text=&#8220;Sieh dir das TINT 200h Online Training an&#8220; _builder_version=&#8220;4.14.8&#8243; _module_preset=&#8220;09295174-ca0b-47a4-aa9b-be12e6e711e0&#8243; global_colors_info=&#8220;{}&#8220;][\/et_pb_button][\/et_pb_column][et_pb_column type=&#8220;1_3&#8243; _builder_version=&#8220;4.14.8&#8243; _module_preset=&#8220;default&#8220; custom_padding=&#8220;|||100px|false|false&#8220; custom_padding_tablet=&#8220;||50px|100px|false|false&#8220; custom_padding_phone=&#8220;|50px||50px|false|false&#8220; custom_padding_last_edited=&#8220;on|phone&#8220; hover_enabled=&#8220;0&#8243; global_colors_info=&#8220;{}&#8220; sticky_enabled=&#8220;0&#8243;][et_pb_code _builder_version=&#8220;4.14.8&#8243; _module_preset=&#8220;default&#8220; text_orientation=&#8220;left&#8220; global_colors_info=&#8220;{}&#8220;]<i class=\"fa-duotone fa-user-graduate\" style=\"font-size: 4em; color: #E0D7CA;\"><\/i>[\/et_pb_code][et_pb_code _builder_version=&#8220;4.14.8&#8243; _module_preset=&#8220;default&#8220; transform_translate=&#8220;80px|0px&#8220; transform_translate_linked=&#8220;off&#8220; positioning=&#8220;absolute&#8220; position_origin_a=&#8220;top_right&#8220; horizontal_offset=&#8220;-200px&#8220; text_orientation=&#8220;left&#8220; width=&#8220;100%&#8220; global_colors_info=&#8220;{}&#8220;]<i class=\"fa-solid fa-arrow-right-long\" style=\"font-size: 4em; color: #E0D7CA;\"><\/i>[\/et_pb_code][et_pb_text _builder_version=&#8220;4.14.8&#8243; _module_preset=&#8220;df264627-538d-4d0d-9e52-aa9bdcf53d65&#8243; header_3_font_size=&#8220;25px&#8220; custom_margin=&#8220;||20px|||&#8220; global_colors_info=&#8220;{}&#8220;]<h3>Schritt 2<\/h3>[\/et_pb_text][et_pb_text _builder_version=&#8220;4.14.8&#8243; _module_preset=&#8220;default&#8220; text_text_color=&#8220;#201c1c&#8220; text_font_size=&#8220;18px&#8220; global_colors_info=&#8220;{}&#8220;]<p>Beende die Ausbildung und bestehe die Pr\u00fcfung.<\/p>[\/et_pb_text][\/et_pb_column][et_pb_column type=&#8220;1_3&#8243; _builder_version=&#8220;4.14.8&#8243; _module_preset=&#8220;default&#8220; custom_padding=&#8220;|||100px|false|false&#8220; custom_padding_tablet=&#8220;|||100px|false|false&#8220; custom_padding_phone=&#8220;|50px||50px|false|false&#8220; custom_padding_last_edited=&#8220;on|phone&#8220; global_colors_info=&#8220;{}&#8220;][et_pb_code _builder_version=&#8220;4.14.8&#8243; _module_preset=&#8220;default&#8220; text_orientation=&#8220;left&#8220; global_colors_info=&#8220;{}&#8220;]<i class=\"fa-duotone fa-user-plus\" style=\"font-size: 4em; color: #E0D7CA;\"><\/i>[\/et_pb_code][et_pb_text _builder_version=&#8220;4.14.8&#8243; _module_preset=&#8220;df264627-538d-4d0d-9e52-aa9bdcf53d65&#8243; header_3_font_size=&#8220;25px&#8220; custom_margin=&#8220;||20px|||&#8220; global_colors_info=&#8220;{}&#8220;]<h3>Schritt 3<\/h3>[\/et_pb_text][et_pb_text _builder_version=&#8220;4.14.8&#8243; _module_preset=&#8220;default&#8220; text_text_color=&#8220;#201c1c&#8220; text_font_size=&#8220;18px&#8220; global_colors_info=&#8220;{}&#8220;]<p>Melde dich kostenlos auf insideyoga.org an, um registriert zu werden.<\/p>[\/et_pb_text][et_pb_divider color=&#8220;#E0D7CA&#8220; divider_position=&#8220;center&#8220; divider_weight=&#8220;1px&#8220; _builder_version=&#8220;4.14.8&#8243; _module_preset=&#8220;default&#8220; max_width=&#8220;65%&#8220; global_colors_info=&#8220;{}&#8220;][\/et_pb_divider][et_pb_button button_text=&#8220;Registriere dich hier kostenlos&#8220; _builder_version=&#8220;4.14.8&#8243; _module_preset=&#8220;09295174-ca0b-47a4-aa9b-be12e6e711e0&#8243; global_colors_info=&#8220;{}&#8220;][\/et_pb_button][\/et_pb_column][\/et_pb_row][\/et_pb_section][et_pb_section fb_built=&#8220;1&#8243; _builder_version=&#8220;4.14.8&#8243; _module_preset=&#8220;3f11ada8-634d-4ff9-8ae3-2313fe8a6313&#8243; hover_enabled=&#8220;0&#8243; global_colors_info=&#8220;{}&#8220; custom_padding_tablet=&#8220;||0px||false|false&#8220; sticky_enabled=&#8220;0&#8243; custom_padding_phone=&#8220;||0px||false|false&#8220;][et_pb_row _builder_version=&#8220;4.14.8&#8243; _module_preset=&#8220;default&#8220; global_colors_info=&#8220;{}&#8220;][et_pb_column type=&#8220;4_4&#8243; _builder_version=&#8220;4.14.8&#8243; _module_preset=&#8220;default&#8220; global_colors_info=&#8220;{}&#8220;][et_pb_text _builder_version=&#8220;4.14.8&#8243; _module_preset=&#8220;df264627-538d-4d0d-9e52-aa9bdcf53d65&#8243; header_3_text_align=&#8220;center&#8220; custom_margin=&#8220;||50px||false|false&#8220; hover_enabled=&#8220;0&#8243; global_colors_info=&#8220;{}&#8220; sticky_enabled=&#8220;0&#8243;]<h3>Warum es sich macht <span style=\"font-weight: 500;\" class=\"underline\">zertifiziert zu sein<\/span><\/h3>[\/et_pb_text][et_pb_text module_class=&#8220;pa-bullet-list-1 font-normal&#8220; _builder_version=&#8220;4.14.8&#8243; _module_preset=&#8220;default&#8220; text_font_size=&#8220;18px&#8220; max_width=&#8220;42%&#8220; max_width_tablet=&#8220;80%&#8220; max_width_phone=&#8220;90%&#8220; max_width_last_edited=&#8220;on|phone&#8220; module_alignment=&#8220;center&#8220; custom_margin=&#8220;||0px||false|false&#8220; custom_padding=&#8220;||0px||false|false&#8220; global_colors_info=&#8220;{}&#8220;]<ul>\n<li><span style=\"font-weight: 400;\">Jedermann kann sich Yogalehrer:in nennen. Aber das Inside Yoga Teacher-Zertifikat ist eine Leistung. Halte es mit Stolz.<\/span><\/li>\n<li><span style=\"font-weight: 400;\">Das Inside Yoga Teacher-Zertifikat steht f\u00fcr qualitativ hochwertigen Unterricht und wissenschaftlich fundiertes Wissen \u00fcber Yoga und den menschlichen K\u00f6rper<\/span><\/li>\n<li><span style=\"font-weight: 400;\">Dieses Bild von Inside Yoga wird die Sch\u00fcler anziehen, die du dir erhoffst und dir dabei helfen, als Yogalehrer:in ein erfolgreiches Business aufzubauen<\/span><\/li>\n<\/ul>[\/et_pb_text][\/et_pb_column][\/et_pb_row][\/et_pb_section]\n","protected":false},"excerpt":{"rendered":"<p>Wie du ein Certified Teacher wirstEs gibt verschiedene Wege, die zu deinem Inside Yoga Zertifikat f\u00fchren. Du kannst dich zwischen Online und Offline Trainings entscheiden:Schritt 1Nimm an einem Inside Yoga 200h Training (Offline or Online) teilSchritt 2Beende die Ausbildung und bestehe die Pr\u00fcfung.Schritt 3Melde dich kostenlos auf insideyoga.org an, um registriert zu werden.Warum es sich [&hellip;]<\/p>\n","protected":false},"author":2,"featured_media":4019,"parent":0,"menu_order":0,"comment_status":"closed","ping_status":"closed","template":"","meta":{"_acf_changed":false,"_et_pb_use_builder":"on","_et_pb_old_content":"","_et_gb_content_width":"","footnotes":""},"class_list":["post-5188","page","type-page","status-publish","has-post-thumbnail","hentry"],"acf":[],"yoast_head":"<!-- This site is optimized with the Yoast SEO plugin v27.3 - https:\/\/yoast.com\/product\/yoast-seo-wordpress\/ -->\n<title>Level 1 - Certified Inside Yoga Teacher - insideyoga.org<\/title>\n<meta name=\"robots\" content=\"index, follow, max-snippet:-1, max-image-preview:large, max-video-preview:-1\" \/>\n<link rel=\"canonical\" href=\"https:\/\/insideyoga.org\/de\/level-1-certified-inside-yoga-teacher\/\" \/>\n<meta property=\"og:locale\" content=\"de_DE\" \/>\n<meta property=\"og:type\" content=\"article\" \/>\n<meta property=\"og:title\" content=\"Level 1 - Certified Inside Yoga Teacher - insideyoga.org\" \/>\n<meta property=\"og:description\" content=\"Wie du ein Certified Teacher wirstEs gibt verschiedene Wege, die zu deinem Inside Yoga Zertifikat f\u00fchren. Du kannst dich zwischen Online und Offline Trainings entscheiden:Schritt 1Nimm an einem Inside Yoga 200h Training (Offline or Online) teilSchritt 2Beende die Ausbildung und bestehe die Pr\u00fcfung.Schritt 3Melde dich kostenlos auf insideyoga.org an, um registriert zu werden.Warum es sich [&hellip;]\" \/>\n<meta property=\"og:url\" content=\"https:\/\/insideyoga.org\/de\/level-1-certified-inside-yoga-teacher\/\" \/>\n<meta property=\"og:site_name\" content=\"insideyoga.org\" \/>\n<meta property=\"article:modified_time\" content=\"2022-08-24T12:21:46+00:00\" \/>\n<meta property=\"og:image\" content=\"https:\/\/insideyoga.org\/wp-content\/uploads\/2022\/03\/Hero-Image2.png\" \/>\n\t<meta property=\"og:image:width\" content=\"740\" \/>\n\t<meta property=\"og:image:height\" content=\"525\" \/>\n\t<meta property=\"og:image:type\" content=\"image\/png\" \/>\n<meta name=\"twitter:card\" content=\"summary_large_image\" \/>\n<meta name=\"twitter:label1\" content=\"Gesch\u00e4tzte Lesezeit\" \/>\n\t<meta name=\"twitter:data1\" content=\"5\u00a0Minuten\" \/>\n<script type=\"application\/ld+json\" class=\"yoast-schema-graph\">{\"@context\":\"https:\\\/\\\/schema.org\",\"@graph\":[{\"@type\":\"WebPage\",\"@id\":\"https:\\\/\\\/insideyoga.org\\\/de\\\/level-1-certified-inside-yoga-teacher\\\/\",\"url\":\"https:\\\/\\\/insideyoga.org\\\/de\\\/level-1-certified-inside-yoga-teacher\\\/\",\"name\":\"Level 1 - Certified Inside Yoga Teacher - insideyoga.org\",\"isPartOf\":{\"@id\":\"https:\\\/\\\/insideyoga.org\\\/#website\"},\"primaryImageOfPage\":{\"@id\":\"https:\\\/\\\/insideyoga.org\\\/de\\\/level-1-certified-inside-yoga-teacher\\\/#primaryimage\"},\"image\":{\"@id\":\"https:\\\/\\\/insideyoga.org\\\/de\\\/level-1-certified-inside-yoga-teacher\\\/#primaryimage\"},\"thumbnailUrl\":\"https:\\\/\\\/insideyoga.org\\\/wp-content\\\/uploads\\\/2022\\\/03\\\/Hero-Image2.png\",\"datePublished\":\"2022-03-27T22:19:11+00:00\",\"dateModified\":\"2022-08-24T12:21:46+00:00\",\"breadcrumb\":{\"@id\":\"https:\\\/\\\/insideyoga.org\\\/de\\\/level-1-certified-inside-yoga-teacher\\\/#breadcrumb\"},\"inLanguage\":\"de\",\"potentialAction\":[{\"@type\":\"ReadAction\",\"target\":[\"https:\\\/\\\/insideyoga.org\\\/de\\\/level-1-certified-inside-yoga-teacher\\\/\"]}]},{\"@type\":\"ImageObject\",\"inLanguage\":\"de\",\"@id\":\"https:\\\/\\\/insideyoga.org\\\/de\\\/level-1-certified-inside-yoga-teacher\\\/#primaryimage\",\"url\":\"https:\\\/\\\/insideyoga.org\\\/wp-content\\\/uploads\\\/2022\\\/03\\\/Hero-Image2.png\",\"contentUrl\":\"https:\\\/\\\/insideyoga.org\\\/wp-content\\\/uploads\\\/2022\\\/03\\\/Hero-Image2.png\",\"width\":740,\"height\":525},{\"@type\":\"BreadcrumbList\",\"@id\":\"https:\\\/\\\/insideyoga.org\\\/de\\\/level-1-certified-inside-yoga-teacher\\\/#breadcrumb\",\"itemListElement\":[{\"@type\":\"ListItem\",\"position\":1,\"name\":\"Home\",\"item\":\"https:\\\/\\\/insideyoga.org\\\/de\\\/\"},{\"@type\":\"ListItem\",\"position\":2,\"name\":\"Level 1 &#8211; Certified Inside Yoga Teacher\"}]},{\"@type\":\"WebSite\",\"@id\":\"https:\\\/\\\/insideyoga.org\\\/#website\",\"url\":\"https:\\\/\\\/insideyoga.org\\\/\",\"name\":\"insideyoga.org\",\"description\":\"The home of Inside Yoga &amp; Inside Flow\",\"publisher\":{\"@id\":\"https:\\\/\\\/insideyoga.org\\\/#organization\"},\"potentialAction\":[{\"@type\":\"SearchAction\",\"target\":{\"@type\":\"EntryPoint\",\"urlTemplate\":\"https:\\\/\\\/insideyoga.org\\\/?s={search_term_string}\"},\"query-input\":{\"@type\":\"PropertyValueSpecification\",\"valueRequired\":true,\"valueName\":\"search_term_string\"}}],\"inLanguage\":\"de\"},{\"@type\":\"Organization\",\"@id\":\"https:\\\/\\\/insideyoga.org\\\/#organization\",\"name\":\"insideyoga.org\",\"url\":\"https:\\\/\\\/insideyoga.org\\\/\",\"logo\":{\"@type\":\"ImageObject\",\"inLanguage\":\"de\",\"@id\":\"https:\\\/\\\/insideyoga.org\\\/#\\\/schema\\\/logo\\\/image\\\/\",\"url\":\"https:\\\/\\\/insideyoga.org\\\/wp-content\\\/uploads\\\/2022\\\/10\\\/insideyoga-org-meta1.jpg\",\"contentUrl\":\"https:\\\/\\\/insideyoga.org\\\/wp-content\\\/uploads\\\/2022\\\/10\\\/insideyoga-org-meta1.jpg\",\"width\":800,\"height\":500,\"caption\":\"insideyoga.org\"},\"image\":{\"@id\":\"https:\\\/\\\/insideyoga.org\\\/#\\\/schema\\\/logo\\\/image\\\/\"}}]}<\/script>\n<!-- \/ Yoast SEO plugin. -->","yoast_head_json":{"title":"Level 1 - Certified Inside Yoga Teacher - insideyoga.org","robots":{"index":"index","follow":"follow","max-snippet":"max-snippet:-1","max-image-preview":"max-image-preview:large","max-video-preview":"max-video-preview:-1"},"canonical":"https:\/\/insideyoga.org\/de\/level-1-certified-inside-yoga-teacher\/","og_locale":"de_DE","og_type":"article","og_title":"Level 1 - Certified Inside Yoga Teacher - insideyoga.org","og_description":"Wie du ein Certified Teacher wirstEs gibt verschiedene Wege, die zu deinem Inside Yoga Zertifikat f\u00fchren. Du kannst dich zwischen Online und Offline Trainings entscheiden:Schritt 1Nimm an einem Inside Yoga 200h Training (Offline or Online) teilSchritt 2Beende die Ausbildung und bestehe die Pr\u00fcfung.Schritt 3Melde dich kostenlos auf insideyoga.org an, um registriert zu werden.Warum es sich [&hellip;]","og_url":"https:\/\/insideyoga.org\/de\/level-1-certified-inside-yoga-teacher\/","og_site_name":"insideyoga.org","article_modified_time":"2022-08-24T12:21:46+00:00","og_image":[{"width":740,"height":525,"url":"https:\/\/insideyoga.org\/wp-content\/uploads\/2022\/03\/Hero-Image2.png","type":"image\/png"}],"twitter_card":"summary_large_image","twitter_misc":{"Gesch\u00e4tzte Lesezeit":"5\u00a0Minuten"},"schema":{"@context":"https:\/\/schema.org","@graph":[{"@type":"WebPage","@id":"https:\/\/insideyoga.org\/de\/level-1-certified-inside-yoga-teacher\/","url":"https:\/\/insideyoga.org\/de\/level-1-certified-inside-yoga-teacher\/","name":"Level 1 - Certified Inside Yoga Teacher - insideyoga.org","isPartOf":{"@id":"https:\/\/insideyoga.org\/#website"},"primaryImageOfPage":{"@id":"https:\/\/insideyoga.org\/de\/level-1-certified-inside-yoga-teacher\/#primaryimage"},"image":{"@id":"https:\/\/insideyoga.org\/de\/level-1-certified-inside-yoga-teacher\/#primaryimage"},"thumbnailUrl":"https:\/\/insideyoga.org\/wp-content\/uploads\/2022\/03\/Hero-Image2.png","datePublished":"2022-03-27T22:19:11+00:00","dateModified":"2022-08-24T12:21:46+00:00","breadcrumb":{"@id":"https:\/\/insideyoga.org\/de\/level-1-certified-inside-yoga-teacher\/#breadcrumb"},"inLanguage":"de","potentialAction":[{"@type":"ReadAction","target":["https:\/\/insideyoga.org\/de\/level-1-certified-inside-yoga-teacher\/"]}]},{"@type":"ImageObject","inLanguage":"de","@id":"https:\/\/insideyoga.org\/de\/level-1-certified-inside-yoga-teacher\/#primaryimage","url":"https:\/\/insideyoga.org\/wp-content\/uploads\/2022\/03\/Hero-Image2.png","contentUrl":"https:\/\/insideyoga.org\/wp-content\/uploads\/2022\/03\/Hero-Image2.png","width":740,"height":525},{"@type":"BreadcrumbList","@id":"https:\/\/insideyoga.org\/de\/level-1-certified-inside-yoga-teacher\/#breadcrumb","itemListElement":[{"@type":"ListItem","position":1,"name":"Home","item":"https:\/\/insideyoga.org\/de\/"},{"@type":"ListItem","position":2,"name":"Level 1 &#8211; Certified Inside Yoga Teacher"}]},{"@type":"WebSite","@id":"https:\/\/insideyoga.org\/#website","url":"https:\/\/insideyoga.org\/","name":"insideyoga.org","description":"The home of Inside Yoga &amp; Inside Flow","publisher":{"@id":"https:\/\/insideyoga.org\/#organization"},"potentialAction":[{"@type":"SearchAction","target":{"@type":"EntryPoint","urlTemplate":"https:\/\/insideyoga.org\/?s={search_term_string}"},"query-input":{"@type":"PropertyValueSpecification","valueRequired":true,"valueName":"search_term_string"}}],"inLanguage":"de"},{"@type":"Organization","@id":"https:\/\/insideyoga.org\/#organization","name":"insideyoga.org","url":"https:\/\/insideyoga.org\/","logo":{"@type":"ImageObject","inLanguage":"de","@id":"https:\/\/insideyoga.org\/#\/schema\/logo\/image\/","url":"https:\/\/insideyoga.org\/wp-content\/uploads\/2022\/10\/insideyoga-org-meta1.jpg","contentUrl":"https:\/\/insideyoga.org\/wp-content\/uploads\/2022\/10\/insideyoga-org-meta1.jpg","width":800,"height":500,"caption":"insideyoga.org"},"image":{"@id":"https:\/\/insideyoga.org\/#\/schema\/logo\/image\/"}}]}},"_links":{"self":[{"href":"https:\/\/insideyoga.org\/de\/wp-json\/wp\/v2\/pages\/5188","targetHints":{"allow":["GET"]}}],"collection":[{"href":"https:\/\/insideyoga.org\/de\/wp-json\/wp\/v2\/pages"}],"about":[{"href":"https:\/\/insideyoga.org\/de\/wp-json\/wp\/v2\/types\/page"}],"author":[{"embeddable":true,"href":"https:\/\/insideyoga.org\/de\/wp-json\/wp\/v2\/users\/2"}],"replies":[{"embeddable":true,"href":"https:\/\/insideyoga.org\/de\/wp-json\/wp\/v2\/comments?post=5188"}],"version-history":[{"count":1,"href":"https:\/\/insideyoga.org\/de\/wp-json\/wp\/v2\/pages\/5188\/revisions"}],"predecessor-version":[{"id":5189,"href":"https:\/\/insideyoga.org\/de\/wp-json\/wp\/v2\/pages\/5188\/revisions\/5189"}],"wp:featuredmedia":[{"embeddable":true,"href":"https:\/\/insideyoga.org\/de\/wp-json\/wp\/v2\/media\/4019"}],"wp:attachment":[{"href":"https:\/\/insideyoga.org\/de\/wp-json\/wp\/v2\/media?parent=5188"}],"curies":[{"name":"wp","href":"https:\/\/api.w.org\/{rel}","templated":true}]}}