{"id":5209,"date":"2022-03-27T21:31:44","date_gmt":"2022-03-27T21:31:44","guid":{"rendered":"https:\/\/insideyoga.org\/vision-und-mission\/"},"modified":"2024-12-09T11:04:46","modified_gmt":"2024-12-09T11:04:46","slug":"vision-und-mission","status":"publish","type":"page","link":"https:\/\/insideyoga.org\/de\/vision-und-mission\/","title":{"rendered":"Vision und Mission"},"content":{"rendered":"<p>[et_pb_section fb_built=&#8220;1&#8243; _builder_version=&#8220;4.24.3&#8243; _module_preset=&#8220;default&#8220; global_colors_info=&#8220;{}&#8220; da_is_popup=&#8220;off&#8220; da_exit_intent=&#8220;off&#8220; da_has_close=&#8220;on&#8220; da_alt_close=&#8220;off&#8220; da_dark_close=&#8220;off&#8220; da_not_modal=&#8220;on&#8220; da_is_singular=&#8220;off&#8220; da_with_loader=&#8220;off&#8220; da_has_shadow=&#8220;on&#8220; da_disable_devices=&#8220;off|off|off&#8220;][et_pb_row _builder_version=&#8220;4.24.3&#8243; _module_preset=&#8220;default&#8220; global_colors_info=&#8220;{}&#8220;][et_pb_column type=&#8220;4_4&#8243; _builder_version=&#8220;4.24.3&#8243; _module_preset=&#8220;default&#8220; global_colors_info=&#8220;{}&#8220;][et_pb_text _builder_version=&#8220;4.27.0&#8243; _module_preset=&#8220;e9f33d84-56df-4ffe-a2d5-7eac49a6726f&#8220; hover_enabled=&#8220;0&#8243; global_colors_info=&#8220;{}&#8220; text_orientation=&#8220;center&#8220; text_text_color=&#8220;#A87637&#8243; sticky_enabled=&#8220;0&#8243; custom_margin=&#8220;||20px||false|false&#8220;]<\/p>\n<p>Entdecken Sie den Inside Weg<\/p>\n<p>[\/et_pb_text][et_pb_text _builder_version=&#8220;4.24.3&#8243; _module_preset=&#8220;default&#8220; header_text_align=&#8220;center&#8220; header_font_size_tablet=&#8220;&#8220; header_font_size_phone=&#8220;33px&#8220; header_font_size_last_edited=&#8220;on|phone&#8220; global_colors_info=&#8220;{}&#8220;]<\/p>\n<h1>Vision &amp; Mission<\/h1>\n<p>[\/et_pb_text][\/et_pb_column][\/et_pb_row][\/et_pb_section][et_pb_section fb_built=&#8220;1&#8243; _builder_version=&#8220;4.24.3&#8243; _module_preset=&#8220;3f11ada8-634d-4ff9-8ae3-2313fe8a6313&#8243; custom_padding_tablet=&#8220;||0px||false|false&#8220; custom_padding_phone=&#8220;||0px||false|false&#8220; global_colors_info=&#8220;{}&#8220; da_is_popup=&#8220;off&#8220; da_exit_intent=&#8220;off&#8220; da_has_close=&#8220;on&#8220; da_alt_close=&#8220;off&#8220; da_dark_close=&#8220;off&#8220; da_not_modal=&#8220;on&#8220; da_is_singular=&#8220;off&#8220; da_with_loader=&#8220;off&#8220; da_has_shadow=&#8220;on&#8220; da_disable_devices=&#8220;off|off|off&#8220;][et_pb_row _builder_version=&#8220;4.24.3&#8243; _module_preset=&#8220;adda209d-0692-4871-8e79-ef9870cf61df&#8220; background_color=&#8220;RGBA(255,255,255,0)&#8220; global_colors_info=&#8220;{}&#8220;][et_pb_column type=&#8220;4_4&#8243; _builder_version=&#8220;4.16&#8243; _module_preset=&#8220;default&#8220; custom_padding=&#8220;|100px||100px|false|true&#8220; custom_padding_tablet=&#8220;|100px||100px|false|true&#8220; custom_padding_phone=&#8220;|25px||25px|false|true&#8220; custom_padding_last_edited=&#8220;on|desktop&#8220; global_colors_info=&#8220;{}&#8220;][et_pb_image src=&#8220;https:\/\/insideyoga.org\/wp-content\/uploads\/2024\/04\/step-1.png&#8220; title_text=&#8220;Schritt 1&#8243; align=&#8220;center&#8220; _builder_version=&#8220;4.24.3&#8243; _module_preset=&#8220;default&#8220; width=&#8220;100px&#8220; max_width=&#8220;100px&#8220; custom_margin=&#8220;||75px||false|false&#8220; global_colors_info=&#8220;{}&#8220;][\/et_pb_image][et_pb_text _builder_version=&#8220;4.24.3&#8243; _module_preset=&#8220;default&#8220; header_2_text_align=&#8220;center&#8220; header_2_font_size_tablet=&#8220;&#8220; header_2_font_size_phone=&#8220;30px&#8220; header_2_font_size_last_edited=&#8220;on|phone&#8220; global_colors_info=&#8220;{}&#8220;]<\/p>\n<h2>Unser Warum<\/h2>\n<p>[\/et_pb_text][et_pb_text module_class=&#8220;font-normal&#8220; _builder_version=&#8220;4.24.3&#8243; _module_preset=&#8220;default&#8220; text_text_color=&#8220;rgba(0,0,0,0.5)&#8220; text_font_size=&#8220;27px&#8220; text_line_height=&#8220;1.6em&#8220; text_orientation=&#8220;center&#8220; custom_margin=&#8220;||100px||false|false&#8220; custom_margin_tablet=&#8220;||100px||false|false&#8220; custom_margin_phone=&#8220;||50px||false|false&#8220; custom_margin_last_edited=&#8220;on|phone&#8220; custom_padding=&#8220;||25px||false|false&#8220; custom_padding_tablet=&#8220;||25px||false|false&#8220; custom_padding_phone=&#8220;||||false|false&#8220; custom_padding_last_edited=&#8220;on|phone&#8220; global_colors_info=&#8220;{}&#8220;]<\/p>\n<p><span style=\"font-weight: 400;\">Vielleicht fragst du dich: Warum machen sie all das? Warum stellen sie traditionelles Yoga in Frage? Warum fokussieren sich ihre Ausbildungen auf die Wissenschaft? Warum \u00e4ndern sie so viel? <\/span><\/p>\n<p><span style=\"font-weight: 400;\">Einer der Gr\u00fcnde ist, dass Ver\u00e4nderung ein Teil des Lebens ist. Ver\u00e4nderung ist die einzige Konstante und gl\u00fccklicherweise hat Yoga die F\u00e4higkeit, sich mit uns weiterzuentwickeln. Aber hinter Inside Yoga steckt auch eine klare Vision, die uns in jeder Yogastunde, jeder Ausbildung und jeder Entscheidung, die wir treffen, antreibt.<\/span><\/p>\n<p style=\"text-align: center;\"><span style=\"font-weight: 400;\">Wir m\u00f6chten Menschen dabei helfen, auf k\u00f6rperlicher, geistiger und emotionaler Ebene ges\u00fcnder und gl\u00fccklicher zu leben. Happiness is an inside job!<\/span><\/p>\n<p style=\"text-align: center;\"><span style=\"font-weight: 400;\">In unserer Vision ist Yogalehrer:in zu sein ein angesehener Beruf. Wir wollen die Yogaszene mit Wissen und K\u00f6nnen professionalisieren.<\/span><\/p>\n<p>[\/et_pb_text][et_pb_image src=&#8220;https:\/\/insideyoga.org\/wp-content\/uploads\/2024\/04\/Target.png&#8220; title_text=&#8220;Ziel&#8220; _builder_version=&#8220;4.24.3&#8243; _module_preset=&#8220;default&#8220; width=&#8220;100%&#8220; custom_margin=&#8220;||75px||false|false&#8220; global_colors_info=&#8220;{}&#8220;][\/et_pb_image][et_pb_divider show_divider=&#8220;off&#8220; _builder_version=&#8220;4.16&#8243; _module_preset=&#8220;default&#8220; height=&#8220;50px&#8220; global_colors_info=&#8220;{}&#8220;][\/et_pb_divider][et_pb_image src=&#8220;https:\/\/insideyoga.org\/wp-content\/uploads\/2024\/04\/step-2.png&#8220; title_text=&#8220;Schritt 2&#8243; align=&#8220;center&#8220; _builder_version=&#8220;4.24.3&#8243; _module_preset=&#8220;default&#8220; width=&#8220;100px&#8220; max_width=&#8220;100px&#8220; custom_margin=&#8220;||75px||false|false&#8220; global_colors_info=&#8220;{}&#8220;][\/et_pb_image][et_pb_text _builder_version=&#8220;4.24.3&#8243; _module_preset=&#8220;default&#8220; header_2_text_align=&#8220;center&#8220; header_2_font_size_tablet=&#8220;&#8220; header_2_font_size_phone=&#8220;30px&#8220; header_2_font_size_last_edited=&#8220;on|phone&#8220; global_colors_info=&#8220;{}&#8220;]<\/p>\n<h2>Wie wir es tun<\/h2>\n<p>[\/et_pb_text][et_pb_text module_class=&#8220;font-normal&#8220; _builder_version=&#8220;4.24.3&#8243; _module_preset=&#8220;default&#8220; text_text_color=&#8220;rgba(0,0,0,0.5)&#8220; text_font_size=&#8220;27px&#8220; text_line_height=&#8220;1.6em&#8220; text_orientation=&#8220;center&#8220; custom_margin=&#8220;||100px||false|false&#8220; custom_padding=&#8220;||25px||false|false&#8220; custom_padding_tablet=&#8220;||25px||false|false&#8220; custom_padding_phone=&#8220;||||false|false&#8220; custom_padding_last_edited=&#8220;on|phone&#8220; global_colors_info=&#8220;{}&#8220;]<\/p>\n<p style=\"text-align: center;\"><span style=\"font-weight: 400;\">Um diese Ziele zu erreichen, m\u00fcssen wir Yoga revolutionieren \u2013 es solider, vertrauensw\u00fcrdiger und f\u00fcr die Bed\u00fcrfnisse der Menschen des 21. Jahrhunderts geeignet machen. Wir hinterfragen Traditionen, suchen nach wissenschaftlichen Antworten und bilden Yogalehrende zu Profis aus, die mehr Menschen zu Gesundheit und Gl\u00fcck f\u00fchren.<\/span><\/p>\n<p>[\/et_pb_text][\/et_pb_column][\/et_pb_row][et_pb_row _builder_version=&#8220;4.24.3&#8243; _module_preset=&#8220;default&#8220; global_colors_info=&#8220;{}&#8220;][et_pb_column type=&#8220;4_4&#8243; _builder_version=&#8220;4.24.3&#8243; _module_preset=&#8220;default&#8220; global_colors_info=&#8220;{}&#8220;][et_pb_image src=&#8220;https:\/\/insideyoga.org\/wp-content\/uploads\/2024\/04\/step-3.png&#8220; title_text=&#8220;Schritt 3&#8243; align=&#8220;center&#8220; _builder_version=&#8220;4.24.3&#8243; _module_preset=&#8220;default&#8220; width=&#8220;100px&#8220; max_width=&#8220;100px&#8220; custom_margin=&#8220;||75px||false|false&#8220; global_colors_info=&#8220;{}&#8220;][\/et_pb_image][et_pb_text _builder_version=&#8220;4.24.3&#8243; _module_preset=&#8220;default&#8220; header_2_text_align=&#8220;center&#8220; custom_margin=&#8220;||100px||false|false&#8220; custom_margin_tablet=&#8220;||100px||false|false&#8220; custom_margin_phone=&#8220;||50px||false|false&#8220; custom_margin_last_edited=&#8220;on|phone&#8220; header_2_font_size_tablet=&#8220;&#8220; header_2_font_size_phone=&#8220;30px&#8220; header_2_font_size_last_edited=&#8220;on|phone&#8220; global_colors_info=&#8220;{}&#8220;]<\/p>\n<h2>Eine soziale Bewegung<\/h2>\n<p>[\/et_pb_text][dsm_masonry_gallery gallery_ids=&#8220;169453,168853,169452,168645,168640,166159,166123,166119,166113,166061,169294,166009,169451&#8243; dsm_sort_images=&#8220;off&#8220; columns_tablet=&#8220;2&#8243; columns_phone=&#8220;2&#8243; columns_last_edited=&#8220;on|phone&#8220; _builder_version=&#8220;4.24.3&#8243; _module_preset=&#8220;default&#8220; global_colors_info=&#8220;{}&#8220;][\/dsm_masonry_gallery][\/et_pb_column][\/et_pb_row][\/et_pb_section]<\/p>\n","protected":false},"excerpt":{"rendered":"<p>Entdecken Sie den Inside WegVision &amp; MissionUnser WarumVielleicht fragst du dich: Warum machen sie all das? Warum stellen sie traditionelles Yoga in Frage? Warum fokussieren sich ihre Ausbildungen auf die Wissenschaft? Warum \u00e4ndern sie so viel? Einer der Gr\u00fcnde ist, dass Ver\u00e4nderung ein Teil des Lebens ist. Ver\u00e4nderung ist die einzige Konstante und gl\u00fccklicherweise hat [&hellip;]<\/p>\n","protected":false},"author":2,"featured_media":4005,"parent":0,"menu_order":0,"comment_status":"closed","ping_status":"closed","template":"","meta":{"_acf_changed":false,"_et_pb_use_builder":"on","_et_pb_old_content":"","_et_gb_content_width":"","footnotes":""},"class_list":["post-5209","page","type-page","status-publish","has-post-thumbnail","hentry"],"acf":[],"yoast_head":"<!-- This site is optimized with the Yoast SEO plugin v27.3 - https:\/\/yoast.com\/product\/yoast-seo-wordpress\/ -->\n<title>Vision und Mission - insideyoga.org<\/title>\n<meta name=\"description\" content=\"Finde heraus, warum wir tun, was wir tun. Lerne unsere langfristige Vision kennen.\" \/>\n<meta name=\"robots\" content=\"index, follow, max-snippet:-1, max-image-preview:large, max-video-preview:-1\" \/>\n<link rel=\"canonical\" href=\"https:\/\/insideyoga.org\/de\/vision-und-mission\/\" \/>\n<meta property=\"og:locale\" content=\"de_DE\" \/>\n<meta property=\"og:type\" content=\"article\" \/>\n<meta property=\"og:title\" content=\"Vision und Mission - insideyoga.org\" \/>\n<meta property=\"og:description\" content=\"Finde heraus, warum wir tun, was wir tun. Lerne unsere langfristige Vision kennen.\" \/>\n<meta property=\"og:url\" content=\"https:\/\/insideyoga.org\/de\/vision-und-mission\/\" \/>\n<meta property=\"og:site_name\" content=\"insideyoga.org\" \/>\n<meta property=\"article:modified_time\" content=\"2024-12-09T11:04:46+00:00\" \/>\n<meta property=\"og:image\" content=\"https:\/\/insideyoga.org\/wp-content\/uploads\/2022\/03\/Hero-Image-1.png\" \/>\n\t<meta property=\"og:image:width\" content=\"740\" \/>\n\t<meta property=\"og:image:height\" content=\"525\" \/>\n\t<meta property=\"og:image:type\" content=\"image\/png\" \/>\n<meta name=\"twitter:card\" content=\"summary_large_image\" \/>\n<meta name=\"twitter:label1\" content=\"Gesch\u00e4tzte Lesezeit\" \/>\n\t<meta name=\"twitter:data1\" content=\"2\u00a0Minuten\" \/>\n<script type=\"application\/ld+json\" class=\"yoast-schema-graph\">{\"@context\":\"https:\\\/\\\/schema.org\",\"@graph\":[{\"@type\":\"WebPage\",\"@id\":\"https:\\\/\\\/insideyoga.org\\\/de\\\/vision-und-mission\\\/\",\"url\":\"https:\\\/\\\/insideyoga.org\\\/de\\\/vision-und-mission\\\/\",\"name\":\"Vision und Mission - insideyoga.org\",\"isPartOf\":{\"@id\":\"https:\\\/\\\/insideyoga.org\\\/#website\"},\"primaryImageOfPage\":{\"@id\":\"https:\\\/\\\/insideyoga.org\\\/de\\\/vision-und-mission\\\/#primaryimage\"},\"image\":{\"@id\":\"https:\\\/\\\/insideyoga.org\\\/de\\\/vision-und-mission\\\/#primaryimage\"},\"thumbnailUrl\":\"https:\\\/\\\/insideyoga.org\\\/wp-content\\\/uploads\\\/2022\\\/03\\\/Hero-Image-1.png\",\"datePublished\":\"2022-03-27T21:31:44+00:00\",\"dateModified\":\"2024-12-09T11:04:46+00:00\",\"description\":\"Finde heraus, warum wir tun, was wir tun. Lerne unsere langfristige Vision kennen.\",\"breadcrumb\":{\"@id\":\"https:\\\/\\\/insideyoga.org\\\/de\\\/vision-und-mission\\\/#breadcrumb\"},\"inLanguage\":\"de\",\"potentialAction\":[{\"@type\":\"ReadAction\",\"target\":[\"https:\\\/\\\/insideyoga.org\\\/de\\\/vision-und-mission\\\/\"]}]},{\"@type\":\"ImageObject\",\"inLanguage\":\"de\",\"@id\":\"https:\\\/\\\/insideyoga.org\\\/de\\\/vision-und-mission\\\/#primaryimage\",\"url\":\"https:\\\/\\\/insideyoga.org\\\/wp-content\\\/uploads\\\/2022\\\/03\\\/Hero-Image-1.png\",\"contentUrl\":\"https:\\\/\\\/insideyoga.org\\\/wp-content\\\/uploads\\\/2022\\\/03\\\/Hero-Image-1.png\",\"width\":740,\"height\":525},{\"@type\":\"BreadcrumbList\",\"@id\":\"https:\\\/\\\/insideyoga.org\\\/de\\\/vision-und-mission\\\/#breadcrumb\",\"itemListElement\":[{\"@type\":\"ListItem\",\"position\":1,\"name\":\"Home\",\"item\":\"https:\\\/\\\/insideyoga.org\\\/de\\\/\"},{\"@type\":\"ListItem\",\"position\":2,\"name\":\"Vision und Mission\"}]},{\"@type\":\"WebSite\",\"@id\":\"https:\\\/\\\/insideyoga.org\\\/#website\",\"url\":\"https:\\\/\\\/insideyoga.org\\\/\",\"name\":\"insideyoga.org\",\"description\":\"The home of Inside Yoga &amp; Inside Flow\",\"publisher\":{\"@id\":\"https:\\\/\\\/insideyoga.org\\\/#organization\"},\"potentialAction\":[{\"@type\":\"SearchAction\",\"target\":{\"@type\":\"EntryPoint\",\"urlTemplate\":\"https:\\\/\\\/insideyoga.org\\\/?s={search_term_string}\"},\"query-input\":{\"@type\":\"PropertyValueSpecification\",\"valueRequired\":true,\"valueName\":\"search_term_string\"}}],\"inLanguage\":\"de\"},{\"@type\":\"Organization\",\"@id\":\"https:\\\/\\\/insideyoga.org\\\/#organization\",\"name\":\"insideyoga.org\",\"url\":\"https:\\\/\\\/insideyoga.org\\\/\",\"logo\":{\"@type\":\"ImageObject\",\"inLanguage\":\"de\",\"@id\":\"https:\\\/\\\/insideyoga.org\\\/#\\\/schema\\\/logo\\\/image\\\/\",\"url\":\"https:\\\/\\\/insideyoga.org\\\/wp-content\\\/uploads\\\/2022\\\/10\\\/insideyoga-org-meta1.jpg\",\"contentUrl\":\"https:\\\/\\\/insideyoga.org\\\/wp-content\\\/uploads\\\/2022\\\/10\\\/insideyoga-org-meta1.jpg\",\"width\":800,\"height\":500,\"caption\":\"insideyoga.org\"},\"image\":{\"@id\":\"https:\\\/\\\/insideyoga.org\\\/#\\\/schema\\\/logo\\\/image\\\/\"}}]}<\/script>\n<!-- \/ Yoast SEO plugin. -->","yoast_head_json":{"title":"Vision und Mission - insideyoga.org","description":"Finde heraus, warum wir tun, was wir tun. Lerne unsere langfristige Vision kennen.","robots":{"index":"index","follow":"follow","max-snippet":"max-snippet:-1","max-image-preview":"max-image-preview:large","max-video-preview":"max-video-preview:-1"},"canonical":"https:\/\/insideyoga.org\/de\/vision-und-mission\/","og_locale":"de_DE","og_type":"article","og_title":"Vision und Mission - insideyoga.org","og_description":"Finde heraus, warum wir tun, was wir tun. Lerne unsere langfristige Vision kennen.","og_url":"https:\/\/insideyoga.org\/de\/vision-und-mission\/","og_site_name":"insideyoga.org","article_modified_time":"2024-12-09T11:04:46+00:00","og_image":[{"width":740,"height":525,"url":"https:\/\/insideyoga.org\/wp-content\/uploads\/2022\/03\/Hero-Image-1.png","type":"image\/png"}],"twitter_card":"summary_large_image","twitter_misc":{"Gesch\u00e4tzte Lesezeit":"2\u00a0Minuten"},"schema":{"@context":"https:\/\/schema.org","@graph":[{"@type":"WebPage","@id":"https:\/\/insideyoga.org\/de\/vision-und-mission\/","url":"https:\/\/insideyoga.org\/de\/vision-und-mission\/","name":"Vision und Mission - insideyoga.org","isPartOf":{"@id":"https:\/\/insideyoga.org\/#website"},"primaryImageOfPage":{"@id":"https:\/\/insideyoga.org\/de\/vision-und-mission\/#primaryimage"},"image":{"@id":"https:\/\/insideyoga.org\/de\/vision-und-mission\/#primaryimage"},"thumbnailUrl":"https:\/\/insideyoga.org\/wp-content\/uploads\/2022\/03\/Hero-Image-1.png","datePublished":"2022-03-27T21:31:44+00:00","dateModified":"2024-12-09T11:04:46+00:00","description":"Finde heraus, warum wir tun, was wir tun. Lerne unsere langfristige Vision kennen.","breadcrumb":{"@id":"https:\/\/insideyoga.org\/de\/vision-und-mission\/#breadcrumb"},"inLanguage":"de","potentialAction":[{"@type":"ReadAction","target":["https:\/\/insideyoga.org\/de\/vision-und-mission\/"]}]},{"@type":"ImageObject","inLanguage":"de","@id":"https:\/\/insideyoga.org\/de\/vision-und-mission\/#primaryimage","url":"https:\/\/insideyoga.org\/wp-content\/uploads\/2022\/03\/Hero-Image-1.png","contentUrl":"https:\/\/insideyoga.org\/wp-content\/uploads\/2022\/03\/Hero-Image-1.png","width":740,"height":525},{"@type":"BreadcrumbList","@id":"https:\/\/insideyoga.org\/de\/vision-und-mission\/#breadcrumb","itemListElement":[{"@type":"ListItem","position":1,"name":"Home","item":"https:\/\/insideyoga.org\/de\/"},{"@type":"ListItem","position":2,"name":"Vision und Mission"}]},{"@type":"WebSite","@id":"https:\/\/insideyoga.org\/#website","url":"https:\/\/insideyoga.org\/","name":"insideyoga.org","description":"The home of Inside Yoga &amp; Inside Flow","publisher":{"@id":"https:\/\/insideyoga.org\/#organization"},"potentialAction":[{"@type":"SearchAction","target":{"@type":"EntryPoint","urlTemplate":"https:\/\/insideyoga.org\/?s={search_term_string}"},"query-input":{"@type":"PropertyValueSpecification","valueRequired":true,"valueName":"search_term_string"}}],"inLanguage":"de"},{"@type":"Organization","@id":"https:\/\/insideyoga.org\/#organization","name":"insideyoga.org","url":"https:\/\/insideyoga.org\/","logo":{"@type":"ImageObject","inLanguage":"de","@id":"https:\/\/insideyoga.org\/#\/schema\/logo\/image\/","url":"https:\/\/insideyoga.org\/wp-content\/uploads\/2022\/10\/insideyoga-org-meta1.jpg","contentUrl":"https:\/\/insideyoga.org\/wp-content\/uploads\/2022\/10\/insideyoga-org-meta1.jpg","width":800,"height":500,"caption":"insideyoga.org"},"image":{"@id":"https:\/\/insideyoga.org\/#\/schema\/logo\/image\/"}}]}},"_links":{"self":[{"href":"https:\/\/insideyoga.org\/de\/wp-json\/wp\/v2\/pages\/5209","targetHints":{"allow":["GET"]}}],"collection":[{"href":"https:\/\/insideyoga.org\/de\/wp-json\/wp\/v2\/pages"}],"about":[{"href":"https:\/\/insideyoga.org\/de\/wp-json\/wp\/v2\/types\/page"}],"author":[{"embeddable":true,"href":"https:\/\/insideyoga.org\/de\/wp-json\/wp\/v2\/users\/2"}],"replies":[{"embeddable":true,"href":"https:\/\/insideyoga.org\/de\/wp-json\/wp\/v2\/comments?post=5209"}],"version-history":[{"count":28,"href":"https:\/\/insideyoga.org\/de\/wp-json\/wp\/v2\/pages\/5209\/revisions"}],"predecessor-version":[{"id":171860,"href":"https:\/\/insideyoga.org\/de\/wp-json\/wp\/v2\/pages\/5209\/revisions\/171860"}],"wp:featuredmedia":[{"embeddable":true,"href":"https:\/\/insideyoga.org\/de\/wp-json\/wp\/v2\/media\/4005"}],"wp:attachment":[{"href":"https:\/\/insideyoga.org\/de\/wp-json\/wp\/v2\/media?parent=5209"}],"curies":[{"name":"wp","href":"https:\/\/api.w.org\/{rel}","templated":true}]}}